{"id":19410,"date":"2024-08-18T18:19:47","date_gmt":"2024-08-18T16:19:47","guid":{"rendered":"https:\/\/lovensbikes.com\/teilnahmebestaetigung-weiterleitung\/"},"modified":"2025-01-17T09:16:46","modified_gmt":"2025-01-17T08:16:46","slug":"teilnahmebestaetigung-weiterleitung","status":"publish","type":"page","link":"https:\/\/lovensbikes.com\/de\/teilnahmebestaetigung-weiterleitung\/","title":{"rendered":"Teilnahmebest\u00e4tigung  Weiterleitung"},"content":{"rendered":"\t\t<div data-elementor-type=\"wp-page\" data-elementor-id=\"19410\" class=\"elementor elementor-19410\" data-elementor-post-type=\"page\">\n\t\t\t\t<div class=\"elementor-element elementor-element-1eca704 elementor-hidden-desktop elementor-hidden-tablet_extra elementor-hidden-tablet e-flex e-con-boxed e-con e-parent\" data-id=\"1eca704\" data-element_type=\"container\" data-e-type=\"container\" data-settings=\"{&quot;background_background&quot;:&quot;video&quot;,&quot;background_video_link&quot;:&quot;https:\\\/\\\/lovensbikes.com\\\/wp-content\\\/uploads\\\/2024\\\/07\\\/Lovens-Zomer-BannersV2_VP9.webm&quot;,&quot;background_play_on_mobile&quot;:&quot;yes&quot;}\">\n\t\t\t\t\t<div class=\"e-con-inner\">\n\t\t<div class=\"elementor-background-video-container\">\n\t\t\t\t\t\t\t<video class=\"elementor-background-video-hosted\" role=\"presentation\" autoplay muted playsinline loop><\/video>\n\t\t\t\t\t<\/div><div class=\"elementor-element elementor-element-d7907ad e-flex e-con-boxed e-con e-child\" data-id=\"d7907ad\" data-element_type=\"container\" data-e-type=\"container\">\n\t\t\t\t\t<div class=\"e-con-inner\">\n\t\t\t\t<div class=\"elementor-element elementor-element-d0c8565 elementor-widget elementor-widget-heading\" data-id=\"d0c8565\" data-element_type=\"widget\" data-e-type=\"widget\" data-settings=\"{&quot;_animation&quot;:&quot;none&quot;}\" data-widget_type=\"heading.default\">\n\t\t\t\t\t<h2 class=\"elementor-heading-title elementor-size-default\"><h2 data-elementor-setting-key=\"title\" data-pen-placeholder=\"Hier typen...\" style=\"font-size: 50px;font-style: normal;font-weight: 500;font-family: Inter, sans-serif;letter-spacing: -2.5px\">Vielen Dank f\u00fcr deine Anmeldung! <\/h2><\/h2>\t\t\t\t<\/div>\n\t\t\t\t<div class=\"elementor-element elementor-element-0b8f2a4 elementor-widget elementor-widget-text-editor\" data-id=\"0b8f2a4\" data-element_type=\"widget\" data-e-type=\"widget\" data-widget_type=\"text-editor.default\">\n\t\t\t\t\t\t\t\t\t<p style=\"text-align: center;\"><strong>Wir haben ihn erfolgreich erhalten. <\/strong><\/p>\n<p style=\"text-align: center;\">Vielen Dank f\u00fcr deine Teilnahme und dein Interesse an unserer Veranstaltung. <\/p>\n<p style=\"text-align: center;\">Folge uns auf Instagram, um \u00fcber die neuesten Nachrichten und Updates informiert zu bleiben.<\/p>\n\t\t\t\t\t\t\t\t<\/div>\n\t\t\t\t<div class=\"elementor-element elementor-element-16db7c8 elementor-widget elementor-widget-spacer\" data-id=\"16db7c8\" data-element_type=\"widget\" data-e-type=\"widget\" data-widget_type=\"spacer.default\">\n\t\t\t\t\t\t\t<div class=\"elementor-spacer\">\n\t\t\t<div class=\"elementor-spacer-inner\"><\/div>\n\t\t<\/div>\n\t\t\t\t\t\t<\/div>\n\t\t\t\t<div class=\"elementor-element elementor-element-460116c elementor-mobile-align-center elementor-align-center elementor-widget elementor-widget-button\" data-id=\"460116c\" data-element_type=\"widget\" data-e-type=\"widget\" data-widget_type=\"button.default\">\n\t\t\t\t\t\t\t\t\t\t<a class=\"elementor-button elementor-button-link elementor-size-lg\" href=\"https:\/\/www.instagram.com\/lovensbikes\/\" target=\"_blank\" rel=\"noopener\">\n\t\t\t\t\t\t<span class=\"elementor-button-content-wrapper\">\n\t\t\t\t\t\t<span class=\"elementor-button-icon\">\n\t\t\t\t<svg xmlns=\"http:\/\/www.w3.org\/2000\/svg\" width=\"24\" height=\"24\" viewBox=\"0 0 24 24\" fill=\"none\"><path d=\"M11.9975 8.832C10.2531 8.832 8.8295 10.2556 8.8295 12C8.8295 13.7444 10.2531 15.168 11.9975 15.168C13.7419 15.168 15.1654 13.7444 15.1654 12C15.1654 10.2556 13.7419 8.832 11.9975 8.832ZM21.4989 12C21.4989 10.6881 21.5108 9.38813 21.4372 8.07862C21.3636 6.55759 21.0165 5.20767 19.9044 4.09542C18.7897 2.98078 17.4422 2.63617 15.9212 2.5625C14.6093 2.48882 13.3093 2.50071 11.9998 2.50071C10.688 2.50071 9.38799 2.48882 8.07851 2.5625C6.55751 2.63617 5.20762 2.98316 4.09539 4.09542C2.98077 5.21004 2.63617 6.55759 2.5625 8.07862C2.48882 9.39051 2.50071 10.6905 2.50071 12C2.50071 13.3095 2.48882 14.6119 2.5625 15.9214C2.63617 17.4425 2.98315 18.7924 4.09539 19.9047C5.20999 21.0192 6.55751 21.3639 8.07851 21.4375C9.39038 21.5113 10.6904 21.4994 11.9998 21.4994C13.3117 21.4994 14.6117 21.5113 15.9212 21.4375C17.4422 21.3639 18.7921 21.0168 19.9044 19.9047C21.0189 18.79 21.3636 17.4425 21.4372 15.9214C21.5132 14.6119 21.4989 13.3119 21.4989 12ZM11.9975 16.8745C9.30007 16.8745 7.12312 14.6975 7.12312 12C7.12312 9.30257 9.30007 7.12559 11.9975 7.12559C14.6949 7.12559 16.8718 9.30257 16.8718 12C16.8718 14.6975 14.6949 16.8745 11.9975 16.8745ZM17.0714 8.06435C16.4416 8.06435 15.9331 7.55575 15.9331 6.92595C15.9331 6.29616 16.4416 5.78756 17.0714 5.78756C17.7012 5.78756 18.2098 6.29616 18.2098 6.92595C18.21 7.07551 18.1807 7.22362 18.1235 7.36183C18.0664 7.50002 17.9826 7.6256 17.8768 7.73135C17.7711 7.8371 17.6455 7.92094 17.5073 7.97808C17.3691 8.03522 17.221 8.06454 17.0714 8.06435Z\" fill=\"#FDFDFD\"><\/path><\/svg>\t\t\t<\/span>\n\t\t\t\t\t\t\t\t\t<span class=\"elementor-button-text\">Folge uns auf <\/span>\n\t\t\t\t\t<\/span>\n\t\t\t\t\t<\/a>\n\t\t\t\t\t\t\t\t<\/div>\n\t\t\t\t\t<\/div>\n\t\t\t\t<\/div>\n\t\t\t\t\t<\/div>\n\t\t\t\t<\/div>\n\t\t<div class=\"elementor-element elementor-element-77ea943 elementor-hidden-mobile e-flex e-con-boxed e-con e-parent\" data-id=\"77ea943\" data-element_type=\"container\" data-e-type=\"container\" data-settings=\"{&quot;background_background&quot;:&quot;classic&quot;}\">\n\t\t\t\t\t<div class=\"e-con-inner\">\n\t\t<div class=\"elementor-element elementor-element-725264e e-flex e-con-boxed e-con e-child\" data-id=\"725264e\" data-element_type=\"container\" data-e-type=\"container\">\n\t\t\t\t\t<div class=\"e-con-inner\">\n\t\t\t\t<div class=\"elementor-element elementor-element-b620d0d elementor-widget elementor-widget-spacer\" data-id=\"b620d0d\" data-element_type=\"widget\" data-e-type=\"widget\" data-widget_type=\"spacer.default\">\n\t\t\t\t\t\t\t<div class=\"elementor-spacer\">\n\t\t\t<div class=\"elementor-spacer-inner\"><\/div>\n\t\t<\/div>\n\t\t\t\t\t\t<\/div>\n\t\t\t\t<div class=\"elementor-element elementor-element-7234347 elementor-widget elementor-widget-heading\" data-id=\"7234347\" data-element_type=\"widget\" data-e-type=\"widget\" data-widget_type=\"heading.default\">\n\t\t\t\t\t<h2 class=\"elementor-heading-title elementor-size-default\"><h2 data-elementor-setting-key=\"title\" data-pen-placeholder=\"Hier typen...\" style=\"font-size: 50px;font-style: normal;font-weight: 500;font-family: Inter, sans-serif;letter-spacing: -2.5px\">Deze pagina lijkt niet te bestaan\n<\/h2><\/h2>\t\t\t\t<\/div>\n\t\t\t\t<div class=\"elementor-element elementor-element-f253c13 elementor-align-center elementor-widget elementor-widget-button\" data-id=\"f253c13\" data-element_type=\"widget\" data-e-type=\"widget\" data-widget_type=\"button.default\">\n\t\t\t\t\t\t\t\t\t\t<a class=\"elementor-button elementor-button-link elementor-size-sm\" href=\"https:\/\/lovensbikes.com\/de\/\">\n\t\t\t\t\t\t<span class=\"elementor-button-content-wrapper\">\n\t\t\t\t\t\t\t\t\t<span class=\"elementor-button-text\">Terug naar home<\/span>\n\t\t\t\t\t<\/span>\n\t\t\t\t\t<\/a>\n\t\t\t\t\t\t\t\t<\/div>\n\t\t\t\t<div class=\"elementor-element elementor-element-d08a822 elementor-widget elementor-widget-spacer\" data-id=\"d08a822\" data-element_type=\"widget\" data-e-type=\"widget\" data-widget_type=\"spacer.default\">\n\t\t\t\t\t\t\t<div class=\"elementor-spacer\">\n\t\t\t<div class=\"elementor-spacer-inner\"><\/div>\n\t\t<\/div>\n\t\t\t\t\t\t<\/div>\n\t\t\t\t\t<\/div>\n\t\t\t\t<\/div>\n\t\t\t\t\t<\/div>\n\t\t\t\t<\/div>\n\t\t\t\t<\/div>\n\t\t","protected":false},"excerpt":{"rendered":"<p>Vielen Dank f\u00fcr deine Anmeldung! Wir haben ihn erfolgreich erhalten. Vielen Dank f\u00fcr deine Teilnahme und dein Interesse an unserer Veranstaltung. Folge uns auf Instagram, um \u00fcber die neuesten Nachrichten und Updates informiert zu bleiben. Folge uns auf Deze pagina lijkt niet te bestaan Terug naar home<\/p>\n","protected":false},"author":26,"featured_media":0,"parent":0,"menu_order":0,"comment_status":"closed","ping_status":"closed","template":"","meta":{"_acf_changed":false,"site-sidebar-layout":"default","site-content-layout":"","ast-site-content-layout":"default","site-content-style":"default","site-sidebar-style":"default","ast-global-header-display":"","ast-banner-title-visibility":"","ast-main-header-display":"","ast-hfb-above-header-display":"","ast-hfb-below-header-display":"","ast-hfb-mobile-header-display":"","site-post-title":"","ast-breadcrumbs-content":"","ast-featured-img":"","footer-sml-layout":"","ast-disable-related-posts":"","theme-transparent-header-meta":"","adv-header-id-meta":"","stick-header-meta":"","header-above-stick-meta":"","header-main-stick-meta":"","header-below-stick-meta":"","astra-migrate-meta-layouts":"default","ast-page-background-enabled":"default","ast-page-background-meta":{"desktop":{"background-color":"var(--ast-global-color-4)","background-image":"","background-repeat":"repeat","background-position":"center center","background-size":"auto","background-attachment":"scroll","background-type":"","background-media":"","overlay-type":"","overlay-color":"","overlay-opacity":"","overlay-gradient":""},"tablet":{"background-color":"","background-image":"","background-repeat":"repeat","background-position":"center center","background-size":"auto","background-attachment":"scroll","background-type":"","background-media":"","overlay-type":"","overlay-color":"","overlay-opacity":"","overlay-gradient":""},"mobile":{"background-color":"","background-image":"","background-repeat":"repeat","background-position":"center center","background-size":"auto","background-attachment":"scroll","background-type":"","background-media":"","overlay-type":"","overlay-color":"","overlay-opacity":"","overlay-gradient":""}},"ast-content-background-meta":{"desktop":{"background-color":"var(--ast-global-color-5)","background-image":"","background-repeat":"repeat","background-position":"center center","background-size":"auto","background-attachment":"scroll","background-type":"","background-media":"","overlay-type":"","overlay-color":"","overlay-opacity":"","overlay-gradient":""},"tablet":{"background-color":"var(--ast-global-color-5)","background-image":"","background-repeat":"repeat","background-position":"center center","background-size":"auto","background-attachment":"scroll","background-type":"","background-media":"","overlay-type":"","overlay-color":"","overlay-opacity":"","overlay-gradient":""},"mobile":{"background-color":"var(--ast-global-color-5)","background-image":"","background-repeat":"repeat","background-position":"center center","background-size":"auto","background-attachment":"scroll","background-type":"","background-media":"","overlay-type":"","overlay-color":"","overlay-opacity":"","overlay-gradient":""}},"footnotes":""},"type-fiets":[],"class_list":["post-19410","page","type-page","status-publish","hentry"],"acf":[],"_links":{"self":[{"href":"https:\/\/lovensbikes.com\/de\/wp-json\/wp\/v2\/pages\/19410","targetHints":{"allow":["GET"]}}],"collection":[{"href":"https:\/\/lovensbikes.com\/de\/wp-json\/wp\/v2\/pages"}],"about":[{"href":"https:\/\/lovensbikes.com\/de\/wp-json\/wp\/v2\/types\/page"}],"author":[{"embeddable":true,"href":"https:\/\/lovensbikes.com\/de\/wp-json\/wp\/v2\/users\/26"}],"replies":[{"embeddable":true,"href":"https:\/\/lovensbikes.com\/de\/wp-json\/wp\/v2\/comments?post=19410"}],"version-history":[{"count":3,"href":"https:\/\/lovensbikes.com\/de\/wp-json\/wp\/v2\/pages\/19410\/revisions"}],"predecessor-version":[{"id":22336,"href":"https:\/\/lovensbikes.com\/de\/wp-json\/wp\/v2\/pages\/19410\/revisions\/22336"}],"wp:attachment":[{"href":"https:\/\/lovensbikes.com\/de\/wp-json\/wp\/v2\/media?parent=19410"}],"wp:term":[{"taxonomy":"type-fiets","embeddable":true,"href":"https:\/\/lovensbikes.com\/de\/wp-json\/wp\/v2\/type-fiets?post=19410"}],"curies":[{"name":"wp","href":"https:\/\/api.w.org\/{rel}","templated":true}]}}