{"id":28080,"date":"2025-05-20T09:20:49","date_gmt":"2025-05-20T07:20:49","guid":{"rendered":"https:\/\/lovensbikes.com\/?page_id=28080"},"modified":"2026-04-16T12:58:08","modified_gmt":"2026-04-16T10:58:08","slug":"duesseldorf-haendler","status":"publish","type":"page","link":"https:\/\/lovensbikes.com\/de\/duesseldorf-haendler\/","title":{"rendered":"D\u00fcsseldorf H\u00e4ndler"},"content":{"rendered":"\t\t<div data-elementor-type=\"wp-page\" data-elementor-id=\"28080\" class=\"elementor elementor-28080\" data-elementor-post-type=\"page\">\n\t\t\t\t<div class=\"elementor-element elementor-element-a24de39 e-flex e-con-boxed e-con e-parent\" data-id=\"a24de39\" data-element_type=\"container\" data-e-type=\"container\" data-settings=\"{&quot;background_background&quot;:&quot;classic&quot;}\">\n\t\t\t\t\t<div class=\"e-con-inner\">\n\t\t\t\t\t<\/div>\n\t\t\t\t<\/div>\n\t\t<div class=\"elementor-element elementor-element-6ceed92 e-con-full e-flex e-con e-parent\" data-id=\"6ceed92\" data-element_type=\"container\" data-e-type=\"container\">\n\t\t\t\t<div class=\"elementor-element elementor-element-abb73c6 elementor-widget elementor-widget-shortcode\" data-id=\"abb73c6\" data-element_type=\"widget\" data-e-type=\"widget\" data-widget_type=\"shortcode.default\">\n\t\t\t\t\t\t\t<div class=\"elementor-shortcode\"><style>\r\n\t#wpsl-stores .wpsl-store-thumb {height:45px !important; width:45px !important;}\r\n\t#wpsl-stores, #wpsl-direction-details, #wpsl-gmap {height:720px !important;}\r\n\t#wpsl-gmap .wpsl-info-window {max-width:225px !important;}\r\n\t.wpsl-input label, #wpsl-radius label, #wpsl-category label {width:95px;}\r\n\t#wpsl-search-input  {width:179px;}\r\n<\/style>\r\n<div id=\"wpsl-wrap\">\r\n\t<div class=\"wpsl-search wpsl-clearfix \">\r\n\t\t<div id=\"wpsl-search-wrap\">\r\n\t\t\t<form autocomplete=\"off\">\r\n\t\t\t<div class=\"wpsl-input\">\r\n\t\t\t\t<div><label for=\"wpsl-search-input\">Your location<\/label><\/div>\r\n\t\t\t\t<input id=\"wpsl-search-input\" type=\"text\" value=\"\" name=\"wpsl-search-input\" placeholder=\"\" aria-required=\"true\" \/>\r\n\t\t\t<\/div>\r\n\t\t\t<div class=\"wpsl-select-wrap\">\r\n\t\t\t\t<div id=\"wpsl-radius\">\r\n\t\t\t\t\t<label for=\"wpsl-radius-dropdown\">Search radius<\/label>\r\n\t\t\t\t\t<select id=\"wpsl-radius-dropdown\" class=\"wpsl-dropdown\" name=\"wpsl-radius\">\r\n\t\t\t\t\t\t<option value=\"10\">10 km<\/option><option value=\"25\">25 km<\/option><option selected=\"selected\" value=\"50\">50 km<\/option><option value=\"100\">100 km<\/option><option value=\"200\">200 km<\/option><option value=\"500\">500 km<\/option>\r\n\t\t\t\t\t<\/select>\r\n\t\t\t\t<\/div>\r\n\t\t\t\t<div id=\"wpsl-results\">\r\n\t\t\t\t\t<label for=\"wpsl-results-dropdown\">Results<\/label>\r\n\t\t\t\t\t<select id=\"wpsl-results-dropdown\" class=\"wpsl-dropdown\" name=\"wpsl-results\">\r\n\t\t\t\t\t\t<option selected=\"selected\" value=\"25\">25<\/option><option value=\"50\">50<\/option><option value=\"75\">75<\/option><option value=\"100\">100<\/option>\r\n\t\t\t\t\t<\/select>\r\n\t\t\t\t<\/div>\r\n\t\t\t<\/div>\r\n\t\t\t\t<div class=\"wpsl-search-btn-wrap\"><input id=\"wpsl-search-btn\" type=\"submit\" value=\"Search\"><\/div>\r\n\t\t<\/form>\r\n\t\t<\/div>\r\n\t<\/div>\r\n\t<div id=\"wpsl-gmap\" class=\"wpsl-gmap-canvas\"><\/div>\r\n\t<div id=\"wpsl-result-list\">\r\n\t\t<div id=\"wpsl-stores\" >\r\n\t\t\t<ul><\/ul>\r\n\t\t<\/div>\r\n\t\t<div id=\"wpsl-direction-details\">\r\n\t\t\t<ul><\/ul>\r\n\t\t<\/div>\r\n\t<\/div>\r\n<\/div>\r\n<\/div>\n\t\t\t\t\t\t<\/div>\n\t\t\t\t<\/div>\n\t\t<div class=\"elementor-element elementor-element-03e83ed e-flex e-con-boxed e-con e-parent\" data-id=\"03e83ed\" data-element_type=\"container\" data-e-type=\"container\" data-settings=\"{&quot;background_background&quot;:&quot;classic&quot;}\">\n\t\t\t\t\t<div class=\"e-con-inner\">\n\t\t\t\t<div class=\"elementor-element elementor-element-1966149 elementor-widget elementor-widget-heading\" data-id=\"1966149\" data-element_type=\"widget\" data-e-type=\"widget\" data-settings=\"{&quot;_animation&quot;:&quot;none&quot;}\" data-widget_type=\"heading.default\">\n\t\t\t\t\t<h2 class=\"elementor-heading-title elementor-size-default\">D\u00fcsseldorf<\/h2>\t\t\t\t<\/div>\n\t\t\t\t\t<\/div>\n\t\t\t\t<\/div>\n\t\t<div class=\"elementor-element elementor-element-16d7a06 e-flex e-con-boxed e-con e-parent\" data-id=\"16d7a06\" data-element_type=\"container\" data-e-type=\"container\" data-settings=\"{&quot;background_background&quot;:&quot;classic&quot;}\">\n\t\t\t\t\t<div class=\"e-con-inner\">\n\t\t<div class=\"elementor-element elementor-element-a186a7e e-grid e-con-full e-con e-child\" data-id=\"a186a7e\" data-element_type=\"container\" data-e-type=\"container\">\n\t\t<div class=\"elementor-element elementor-element-d674acc e-con-full e-flex e-con e-child\" data-id=\"d674acc\" data-element_type=\"container\" data-e-type=\"container\">\n\t\t\t\t<div class=\"elementor-element elementor-element-9a4ef9d elementor-widget__width-initial elementor-widget elementor-widget-heading\" data-id=\"9a4ef9d\" data-element_type=\"widget\" data-e-type=\"widget\" data-settings=\"{&quot;_animation&quot;:&quot;none&quot;}\" data-widget_type=\"heading.default\">\n\t\t\t\t\t<h2 class=\"elementor-heading-title elementor-size-default\">Lastenrad-Fabrik<\/h2>\t\t\t\t<\/div>\n\t\t\t\t<div class=\"elementor-element elementor-element-b73df47 elementor-widget__width-initial elementor-widget elementor-widget-text-editor\" data-id=\"b73df47\" data-element_type=\"widget\" data-e-type=\"widget\" data-settings=\"{&quot;_animation&quot;:&quot;none&quot;}\" data-widget_type=\"text-editor.default\">\n\t\t\t\t\t\t\t\t\t<p><strong>\u00d6ffnungszeiten:<br \/><\/strong>Montag bis Freitag 10:00 \u2013 18:00<br \/>Samstag 10:00 \u2013 13:00<\/p>\t\t\t\t\t\t\t\t<\/div>\n\t\t\t\t<div class=\"elementor-element elementor-element-1e0e606 elementor-widget__width-initial elementor-widget elementor-widget-text-editor\" data-id=\"1e0e606\" data-element_type=\"widget\" data-e-type=\"widget\" data-settings=\"{&quot;_animation&quot;:&quot;none&quot;}\" data-widget_type=\"text-editor.default\">\n\t\t\t\t\t\t\t\t\t<p><strong>Adresse:<br \/><\/strong>Lorettostra\u00dfe 35<br \/>40219 D\u00fcsseldorf<\/p>\t\t\t\t\t\t\t\t<\/div>\n\t\t\t\t<\/div>\n\t\t<div class=\"elementor-element elementor-element-847d3ae e-con-full e-flex e-con e-child\" data-id=\"847d3ae\" data-element_type=\"container\" data-e-type=\"container\">\n\t\t\t\t<div class=\"elementor-element elementor-element-0b809f1 elementor-widget__width-initial elementor-widget elementor-widget-image\" data-id=\"0b809f1\" data-element_type=\"widget\" data-e-type=\"widget\" data-widget_type=\"image.default\">\n\t\t\t\t\t\t\t\t\t\t\t\t\t\t\t<img fetchpriority=\"high\" decoding=\"async\" width=\"925\" height=\"1024\" src=\"https:\/\/lovensbikes.com\/wp-content\/uploads\/2025\/05\/Lastenrad-Fabrik-1-925x1024.jpg\" class=\"attachment-large size-large wp-image-28059\" alt=\"\" srcset=\"https:\/\/lovensbikes.com\/wp-content\/uploads\/2025\/05\/Lastenrad-Fabrik-1-925x1024.jpg 925w, https:\/\/lovensbikes.com\/wp-content\/uploads\/2025\/05\/Lastenrad-Fabrik-1-271x300.jpg 271w, https:\/\/lovensbikes.com\/wp-content\/uploads\/2025\/05\/Lastenrad-Fabrik-1-768x851.jpg 768w, https:\/\/lovensbikes.com\/wp-content\/uploads\/2025\/05\/Lastenrad-Fabrik-1-1387x1536.jpg 1387w, https:\/\/lovensbikes.com\/wp-content\/uploads\/2025\/05\/Lastenrad-Fabrik-1-510x565.jpg 510w, https:\/\/lovensbikes.com\/wp-content\/uploads\/2025\/05\/Lastenrad-Fabrik-1.jpg 1618w\" sizes=\"(max-width: 925px) 100vw, 925px\" \/>\t\t\t\t\t\t\t\t\t\t\t\t\t\t\t<\/div>\n\t\t\t\t<\/div>\n\t\t<div class=\"elementor-element elementor-element-f3b38c6 e-con-full e-flex e-con e-child\" data-id=\"f3b38c6\" data-element_type=\"container\" data-e-type=\"container\">\n\t\t\t\t<div class=\"elementor-element elementor-element-b775cb8 elementor-widget__width-initial elementor-widget elementor-widget-text-editor\" data-id=\"b775cb8\" data-element_type=\"widget\" data-e-type=\"widget\" data-settings=\"{&quot;_animation&quot;:&quot;none&quot;}\" data-widget_type=\"text-editor.default\">\n\t\t\t\t\t\t\t\t\t<p>Die Lastenrad-Fabrik in D\u00fcsseldorf ist dein Spezialist f\u00fcr urbane, nachhaltige Mobilit\u00e4t. Ob Lastenr\u00e4der, Kompaktr\u00e4der oder Zubeh\u00f6r \u2013 hier gibt\u2019s eine starke Auswahl und ehrliche Beratung. Famili\u00e4r, engagiert und mit eigener Werkstatt direkt im Laden.<\/p>\t\t\t\t\t\t\t\t<\/div>\n\t\t\t\t<div class=\"elementor-element elementor-element-f1c548f elementor-widget__width-initial elementor-widget elementor-widget-n-accordion\" data-id=\"f1c548f\" data-element_type=\"widget\" data-e-type=\"widget\" data-settings=\"{&quot;default_state&quot;:&quot;all_collapsed&quot;,&quot;max_items_expended&quot;:&quot;one&quot;,&quot;n_accordion_animation_duration&quot;:{&quot;unit&quot;:&quot;ms&quot;,&quot;size&quot;:400,&quot;sizes&quot;:[]}}\" data-widget_type=\"nested-accordion.default\">\n\t\t\t\t\t\t\t<div class=\"e-n-accordion\" aria-label=\"Accordion. Open links with Enter or Space, close with Escape, and navigate with Arrow Keys\">\n\t\t\t\t\t\t<details id=\"e-n-accordion-item-2530\" class=\"e-n-accordion-item\" >\n\t\t\t\t<summary class=\"e-n-accordion-item-title\" data-accordion-index=\"1\" tabindex=\"0\" aria-expanded=\"false\" aria-controls=\"e-n-accordion-item-2530\" >\n\t\t\t\t\t<span class='e-n-accordion-item-title-header'><div class=\"e-n-accordion-item-title-text\"> Kontakt <\/div><\/span>\n\t\t\t\t\t\t\t<span class='e-n-accordion-item-title-icon'>\n\t\t\t<span class='e-opened' ><i aria-hidden=\"true\" class=\"fas fa-minus\"><\/i><\/span>\n\t\t\t<span class='e-closed'><i aria-hidden=\"true\" class=\"far fa-arrow-alt-circle-down\"><\/i><\/span>\n\t\t<\/span>\n\n\t\t\t\t\t\t<\/summary>\n\t\t\t\t<div role=\"region\" aria-labelledby=\"e-n-accordion-item-2530\" class=\"elementor-element elementor-element-69f05a1 e-con-full e-flex e-con e-child\" data-id=\"69f05a1\" data-element_type=\"container\" data-e-type=\"container\">\n\t\t\t\t<div class=\"elementor-element elementor-element-eaf3f8e elementor-widget__width-initial elementor-widget elementor-widget-text-editor\" data-id=\"eaf3f8e\" data-element_type=\"widget\" data-e-type=\"widget\" data-settings=\"{&quot;_animation&quot;:&quot;none&quot;}\" data-widget_type=\"text-editor.default\">\n\t\t\t\t\t\t\t\t\t<p><b>Telefon:<\/b> <br \/><a href=\"tel:+49(0)211-15841234\">+49(0)211-15841234<\/a><br \/><br \/><b>E-Mail:<\/b> <br \/><a href=\"mailto:info@lastenrad-fabrik.de\">info@lastenrad-fabrik.de<\/a><\/p>\t\t\t\t\t\t\t\t<\/div>\n\t\t\t\t<\/div>\n\t\t\t\t\t<\/details>\n\t\t\t\t\t<\/div>\n\t\t\t\t\t\t<\/div>\n\t\t\t\t<div class=\"elementor-element elementor-element-55b7574 elementor-align-left elementor-widget elementor-widget-button\" data-id=\"55b7574\" data-element_type=\"widget\" data-e-type=\"widget\" data-settings=\"{&quot;_animation&quot;:&quot;none&quot;}\" data-widget_type=\"button.default\">\n\t\t\t\t\t\t\t\t\t\t<a class=\"elementor-button elementor-button-link elementor-size-sm\" href=\"https:\/\/lastenrad-fabrik.de\/kategorie\/lastenraeder\/hersteller-lovens\/\" target=\"_blank\" rel=\"noopener\">\n\t\t\t\t\t\t<span class=\"elementor-button-content-wrapper\">\n\t\t\t\t\t\t\t\t\t<span class=\"elementor-button-text\">Zur H\u00e4ndler-Website<\/span>\n\t\t\t\t\t<\/span>\n\t\t\t\t\t<\/a>\n\t\t\t\t\t\t\t\t<\/div>\n\t\t\t\t<\/div>\n\t\t\t\t<\/div>\n\t\t\t\t\t<\/div>\n\t\t\t\t<\/div>\n\t\t<div class=\"elementor-element elementor-element-d2943ef e-flex e-con-boxed e-con e-parent\" data-id=\"d2943ef\" data-element_type=\"container\" data-e-type=\"container\" data-settings=\"{&quot;background_background&quot;:&quot;classic&quot;}\">\n\t\t\t\t\t<div class=\"e-con-inner\">\n\t\t<div class=\"elementor-element elementor-element-822bc12 e-grid e-con-full e-con e-child\" data-id=\"822bc12\" data-element_type=\"container\" data-e-type=\"container\">\n\t\t<div class=\"elementor-element elementor-element-608bb26 e-con-full e-flex e-con e-child\" data-id=\"608bb26\" data-element_type=\"container\" data-e-type=\"container\">\n\t\t\t\t<div class=\"elementor-element elementor-element-ea6bfe1 elementor-widget__width-initial elementor-widget elementor-widget-heading\" data-id=\"ea6bfe1\" data-element_type=\"widget\" data-e-type=\"widget\" data-settings=\"{&quot;_animation&quot;:&quot;none&quot;}\" data-widget_type=\"heading.default\">\n\t\t\t\t\t<h2 class=\"elementor-heading-title elementor-size-default\">EBike-Warehouse.de <\/h2>\t\t\t\t<\/div>\n\t\t\t\t<div class=\"elementor-element elementor-element-2d918c5 elementor-widget__width-initial elementor-widget elementor-widget-text-editor\" data-id=\"2d918c5\" data-element_type=\"widget\" data-e-type=\"widget\" data-settings=\"{&quot;_animation&quot;:&quot;none&quot;}\" data-widget_type=\"text-editor.default\">\n\t\t\t\t\t\t\t\t\t<p><strong>\u00d6ffnungszeiten:<br \/><\/strong>Montag bis Freitag 09:30 \u2013 17:30<br \/>Samstag 11:00 \u2013 15:00<\/p>\t\t\t\t\t\t\t\t<\/div>\n\t\t\t\t<div class=\"elementor-element elementor-element-8a559ea elementor-widget__width-initial elementor-widget elementor-widget-text-editor\" data-id=\"8a559ea\" data-element_type=\"widget\" data-e-type=\"widget\" data-settings=\"{&quot;_animation&quot;:&quot;none&quot;}\" data-widget_type=\"text-editor.default\">\n\t\t\t\t\t\t\t\t\t<p><strong>Adresse:<br \/><\/strong>Hoffeldstra\u00dfe 104<br \/>40235 D\u00fcsseldorf-Nordrhein-Westfalen<\/p>\t\t\t\t\t\t\t\t<\/div>\n\t\t\t\t<\/div>\n\t\t<div class=\"elementor-element elementor-element-72e6380 e-con-full e-flex e-con e-child\" data-id=\"72e6380\" data-element_type=\"container\" data-e-type=\"container\">\n\t\t\t\t<div class=\"elementor-element elementor-element-9bb6311 elementor-widget__width-initial elementor-widget elementor-widget-image\" data-id=\"9bb6311\" data-element_type=\"widget\" data-e-type=\"widget\" data-widget_type=\"image.default\">\n\t\t\t\t\t\t\t\t\t\t\t\t\t\t\t<img decoding=\"async\" width=\"925\" height=\"1024\" src=\"https:\/\/lovensbikes.com\/wp-content\/uploads\/2025\/05\/E-Bike-Warehouse.de-1-925x1024.jpg\" class=\"attachment-large size-large wp-image-28055\" alt=\"\" srcset=\"https:\/\/lovensbikes.com\/wp-content\/uploads\/2025\/05\/E-Bike-Warehouse.de-1-925x1024.jpg 925w, https:\/\/lovensbikes.com\/wp-content\/uploads\/2025\/05\/E-Bike-Warehouse.de-1-271x300.jpg 271w, https:\/\/lovensbikes.com\/wp-content\/uploads\/2025\/05\/E-Bike-Warehouse.de-1-768x851.jpg 768w, https:\/\/lovensbikes.com\/wp-content\/uploads\/2025\/05\/E-Bike-Warehouse.de-1-1387x1536.jpg 1387w, https:\/\/lovensbikes.com\/wp-content\/uploads\/2025\/05\/E-Bike-Warehouse.de-1-510x565.jpg 510w, https:\/\/lovensbikes.com\/wp-content\/uploads\/2025\/05\/E-Bike-Warehouse.de-1.jpg 1618w\" sizes=\"(max-width: 925px) 100vw, 925px\" \/>\t\t\t\t\t\t\t\t\t\t\t\t\t\t\t<\/div>\n\t\t\t\t<\/div>\n\t\t<div class=\"elementor-element elementor-element-3aa690d e-con-full e-flex e-con e-child\" data-id=\"3aa690d\" data-element_type=\"container\" data-e-type=\"container\">\n\t\t\t\t<div class=\"elementor-element elementor-element-e08d04d elementor-widget__width-initial elementor-widget elementor-widget-text-editor\" data-id=\"e08d04d\" data-element_type=\"widget\" data-e-type=\"widget\" data-settings=\"{&quot;_animation&quot;:&quot;none&quot;}\" data-widget_type=\"text-editor.default\">\n\t\t\t\t\t\t\t\t\t<p>Das <a href=\"https:\/\/ebike-warehouse.de\/\" target=\"_blank\" rel=\"noopener\">EBike-Warehouse D\u00fcsseldorf<\/a> ist der Spezialist f\u00fcr E-Mobilit\u00e4t. Mit exklusiven Marken bietet der Laden eine breite Auswahl. Neben individueller Beratung und ma\u00dfgeschneiderten L\u00f6sungen sorgt das erfahrene Team f\u00fcr einen erstklassigen Service.<\/p>\t\t\t\t\t\t\t\t<\/div>\n\t\t\t\t<div class=\"elementor-element elementor-element-d407d96 elementor-widget__width-initial elementor-widget elementor-widget-n-accordion\" data-id=\"d407d96\" data-element_type=\"widget\" data-e-type=\"widget\" data-settings=\"{&quot;default_state&quot;:&quot;all_collapsed&quot;,&quot;max_items_expended&quot;:&quot;one&quot;,&quot;n_accordion_animation_duration&quot;:{&quot;unit&quot;:&quot;ms&quot;,&quot;size&quot;:400,&quot;sizes&quot;:[]}}\" data-widget_type=\"nested-accordion.default\">\n\t\t\t\t\t\t\t<div class=\"e-n-accordion\" aria-label=\"Accordion. Open links with Enter or Space, close with Escape, and navigate with Arrow Keys\">\n\t\t\t\t\t\t<details id=\"e-n-accordion-item-2220\" class=\"e-n-accordion-item\" >\n\t\t\t\t<summary class=\"e-n-accordion-item-title\" data-accordion-index=\"1\" tabindex=\"0\" aria-expanded=\"false\" aria-controls=\"e-n-accordion-item-2220\" >\n\t\t\t\t\t<span class='e-n-accordion-item-title-header'><div class=\"e-n-accordion-item-title-text\"> Kontakt <\/div><\/span>\n\t\t\t\t\t\t\t<span class='e-n-accordion-item-title-icon'>\n\t\t\t<span class='e-opened' ><i aria-hidden=\"true\" class=\"fas fa-minus\"><\/i><\/span>\n\t\t\t<span class='e-closed'><i aria-hidden=\"true\" class=\"far fa-arrow-alt-circle-down\"><\/i><\/span>\n\t\t<\/span>\n\n\t\t\t\t\t\t<\/summary>\n\t\t\t\t<div role=\"region\" aria-labelledby=\"e-n-accordion-item-2220\" class=\"elementor-element elementor-element-bd5352e e-con-full e-flex e-con e-child\" data-id=\"bd5352e\" data-element_type=\"container\" data-e-type=\"container\">\n\t\t\t\t<div class=\"elementor-element elementor-element-33260eb elementor-widget__width-initial elementor-widget elementor-widget-text-editor\" data-id=\"33260eb\" data-element_type=\"widget\" data-e-type=\"widget\" data-settings=\"{&quot;_animation&quot;:&quot;none&quot;}\" data-widget_type=\"text-editor.default\">\n\t\t\t\t\t\t\t\t\t<p><b>Telefon:<\/b> <br \/><a href=\"tel:+49 211 4167251\">+49 211 4167251<\/a><br \/><br \/><b>E-Mail:<\/b> <br \/><a href=\"mailto:info@ebike-warehouse.de\">info@ebike-warehouse.de<\/a><\/p>\t\t\t\t\t\t\t\t<\/div>\n\t\t\t\t<\/div>\n\t\t\t\t\t<\/details>\n\t\t\t\t\t<\/div>\n\t\t\t\t\t\t<\/div>\n\t\t\t\t<div class=\"elementor-element elementor-element-c295c60 elementor-align-left elementor-widget elementor-widget-button\" data-id=\"c295c60\" data-element_type=\"widget\" data-e-type=\"widget\" data-settings=\"{&quot;_animation&quot;:&quot;none&quot;}\" data-widget_type=\"button.default\">\n\t\t\t\t\t\t\t\t\t\t<a class=\"elementor-button elementor-button-link elementor-size-sm\" href=\"https:\/\/ebike-warehouse.de\/collections\/lovens\" target=\"_blank\" rel=\"noopener\">\n\t\t\t\t\t\t<span class=\"elementor-button-content-wrapper\">\n\t\t\t\t\t\t\t\t\t<span class=\"elementor-button-text\">Zur H\u00e4ndler-Website<\/span>\n\t\t\t\t\t<\/span>\n\t\t\t\t\t<\/a>\n\t\t\t\t\t\t\t\t<\/div>\n\t\t\t\t<\/div>\n\t\t\t\t<\/div>\n\t\t\t\t\t<\/div>\n\t\t\t\t<\/div>\n\t\t\t\t<\/div>\n\t\t","protected":false},"excerpt":{"rendered":"<p>D\u00fcsseldorf Lastenrad-Fabrik \u00d6ffnungszeiten:Montag bis Freitag 10:00 \u2013 18:00Samstag 10:00 \u2013 13:00 Adresse:Lorettostra\u00dfe 3540219 D\u00fcsseldorf Die Lastenrad-Fabrik in D\u00fcsseldorf ist dein Spezialist f\u00fcr urbane, nachhaltige Mobilit\u00e4t. Ob Lastenr\u00e4der, Kompaktr\u00e4der oder Zubeh\u00f6r \u2013 hier gibt\u2019s eine starke Auswahl und ehrliche Beratung. Famili\u00e4r, engagiert und mit eigener Werkstatt direkt im Laden. Kontakt Telefon: +49(0)211-15841234 E-Mail: info@lastenrad-fabrik.de Telefon: +49(0)211-15841234 [&hellip;]<\/p>\n","protected":false},"author":9,"featured_media":0,"parent":0,"menu_order":0,"comment_status":"closed","ping_status":"closed","template":"","meta":{"_acf_changed":false,"site-sidebar-layout":"default","site-content-layout":"","ast-site-content-layout":"default","site-content-style":"default","site-sidebar-style":"default","ast-global-header-display":"","ast-banner-title-visibility":"","ast-main-header-display":"","ast-hfb-above-header-display":"","ast-hfb-below-header-display":"","ast-hfb-mobile-header-display":"","site-post-title":"disabled","ast-breadcrumbs-content":"","ast-featured-img":"","footer-sml-layout":"","ast-disable-related-posts":"","theme-transparent-header-meta":"","adv-header-id-meta":"","stick-header-meta":"","header-above-stick-meta":"","header-main-stick-meta":"","header-below-stick-meta":"","astra-migrate-meta-layouts":"default","ast-page-background-enabled":"default","ast-page-background-meta":{"desktop":{"background-color":"var(--ast-global-color-4)","background-image":"","background-repeat":"repeat","background-position":"center center","background-size":"auto","background-attachment":"scroll","background-type":"","background-media":"","overlay-type":"","overlay-color":"","overlay-opacity":"","overlay-gradient":""},"tablet":{"background-color":"","background-image":"","background-repeat":"repeat","background-position":"center center","background-size":"auto","background-attachment":"scroll","background-type":"","background-media":"","overlay-type":"","overlay-color":"","overlay-opacity":"","overlay-gradient":""},"mobile":{"background-color":"","background-image":"","background-repeat":"repeat","background-position":"center center","background-size":"auto","background-attachment":"scroll","background-type":"","background-media":"","overlay-type":"","overlay-color":"","overlay-opacity":"","overlay-gradient":""}},"ast-content-background-meta":{"desktop":{"background-color":"var(--ast-global-color-5)","background-image":"","background-repeat":"repeat","background-position":"center center","background-size":"auto","background-attachment":"scroll","background-type":"","background-media":"","overlay-type":"","overlay-color":"","overlay-opacity":"","overlay-gradient":""},"tablet":{"background-color":"var(--ast-global-color-5)","background-image":"","background-repeat":"repeat","background-position":"center center","background-size":"auto","background-attachment":"scroll","background-type":"","background-media":"","overlay-type":"","overlay-color":"","overlay-opacity":"","overlay-gradient":""},"mobile":{"background-color":"var(--ast-global-color-5)","background-image":"","background-repeat":"repeat","background-position":"center center","background-size":"auto","background-attachment":"scroll","background-type":"","background-media":"","overlay-type":"","overlay-color":"","overlay-opacity":"","overlay-gradient":""}},"footnotes":""},"type-fiets":[],"class_list":["post-28080","page","type-page","status-publish","hentry"],"acf":[],"_links":{"self":[{"href":"https:\/\/lovensbikes.com\/de\/wp-json\/wp\/v2\/pages\/28080","targetHints":{"allow":["GET"]}}],"collection":[{"href":"https:\/\/lovensbikes.com\/de\/wp-json\/wp\/v2\/pages"}],"about":[{"href":"https:\/\/lovensbikes.com\/de\/wp-json\/wp\/v2\/types\/page"}],"author":[{"embeddable":true,"href":"https:\/\/lovensbikes.com\/de\/wp-json\/wp\/v2\/users\/9"}],"replies":[{"embeddable":true,"href":"https:\/\/lovensbikes.com\/de\/wp-json\/wp\/v2\/comments?post=28080"}],"version-history":[{"count":31,"href":"https:\/\/lovensbikes.com\/de\/wp-json\/wp\/v2\/pages\/28080\/revisions"}],"predecessor-version":[{"id":40227,"href":"https:\/\/lovensbikes.com\/de\/wp-json\/wp\/v2\/pages\/28080\/revisions\/40227"}],"wp:attachment":[{"href":"https:\/\/lovensbikes.com\/de\/wp-json\/wp\/v2\/media?parent=28080"}],"wp:term":[{"taxonomy":"type-fiets","embeddable":true,"href":"https:\/\/lovensbikes.com\/de\/wp-json\/wp\/v2\/type-fiets?post=28080"}],"curies":[{"name":"wp","href":"https:\/\/api.w.org\/{rel}","templated":true}]}}