{"id":32956,"date":"2025-11-04T17:35:58","date_gmt":"2025-11-04T16:35:58","guid":{"rendered":"https:\/\/lovensbikes.com\/test-actie\/"},"modified":"2026-03-09T08:31:10","modified_gmt":"2026-03-09T07:31:10","slug":"mach-mit-gewinne","status":"publish","type":"page","link":"https:\/\/lovensbikes.com\/de\/mach-mit-gewinne\/","title":{"rendered":"Mag mit gewinne"},"content":{"rendered":"\t\t<div data-elementor-type=\"wp-page\" data-elementor-id=\"32956\" class=\"elementor elementor-32956 elementor-32940\" data-elementor-post-type=\"page\">\n\t\t\t\t<div class=\"elementor-element elementor-element-d0a3cc4 elementor-hidden-desktop elementor-hidden-tablet_extra elementor-hidden-tablet e-flex e-con-boxed e-con e-parent\" data-id=\"d0a3cc4\" data-element_type=\"container\" data-e-type=\"container\" data-settings=\"{&quot;background_background&quot;:&quot;classic&quot;}\">\n\t\t\t\t\t<div class=\"e-con-inner\">\n\t\t<div class=\"elementor-element elementor-element-447d054 e-con-full e-flex e-con e-child\" data-id=\"447d054\" data-element_type=\"container\" data-e-type=\"container\">\n\t\t\t\t<div class=\"elementor-element elementor-element-9ee7288 elementor-widget elementor-widget-heading\" data-id=\"9ee7288\" data-element_type=\"widget\" data-e-type=\"widget\" data-widget_type=\"heading.default\">\n\t\t\t\t\t<h2 class=\"elementor-heading-title elementor-size-default\">Gewinne das neue <br><b>Lovens Explorer 2<\/b> <br><\/h2>\t\t\t\t<\/div>\n\t\t\t\t<\/div>\n\t\t<div class=\"elementor-element elementor-element-92e1546 e-con-full e-flex e-con e-child\" data-id=\"92e1546\" data-element_type=\"container\" data-e-type=\"container\">\n\t\t<div class=\"elementor-element elementor-element-742a653 e-grid e-con-full e-con e-child\" data-id=\"742a653\" data-element_type=\"container\" data-e-type=\"container\">\n\t\t\t\t<div class=\"elementor-element elementor-element-b1b8e63 elementor-widget elementor-widget-image\" data-id=\"b1b8e63\" data-element_type=\"widget\" data-e-type=\"widget\" data-widget_type=\"image.default\">\n\t\t\t\t\t\t\t\t\t\t\t\t\t\t\t<img fetchpriority=\"high\" decoding=\"async\" width=\"294\" height=\"355\" src=\"https:\/\/lovensbikes.com\/wp-content\/uploads\/2026\/02\/Rai-badge-1.png\" class=\"attachment-large size-large wp-image-37623\" alt=\"\" srcset=\"https:\/\/lovensbikes.com\/wp-content\/uploads\/2026\/02\/Rai-badge-1.png 294w, https:\/\/lovensbikes.com\/wp-content\/uploads\/2026\/02\/Rai-badge-1-248x300.png 248w\" sizes=\"(max-width: 294px) 100vw, 294px\" \/>\t\t\t\t\t\t\t\t\t\t\t\t\t\t\t<\/div>\n\t\t\t\t<div class=\"elementor-element elementor-element-0a83f0a elementor-widget elementor-widget-image\" data-id=\"0a83f0a\" data-element_type=\"widget\" data-e-type=\"widget\" data-widget_type=\"image.default\">\n\t\t\t\t\t\t\t\t\t\t\t\t\t\t\t<img decoding=\"async\" width=\"278\" height=\"528\" src=\"https:\/\/lovensbikes.com\/wp-content\/uploads\/2026\/02\/If-design-award-badge-1.png\" class=\"attachment-large size-large wp-image-38090\" alt=\"\" srcset=\"https:\/\/lovensbikes.com\/wp-content\/uploads\/2026\/02\/If-design-award-badge-1.png 278w, https:\/\/lovensbikes.com\/wp-content\/uploads\/2026\/02\/If-design-award-badge-1-158x300.png 158w\" sizes=\"(max-width: 278px) 100vw, 278px\" \/>\t\t\t\t\t\t\t\t\t\t\t\t\t\t\t<\/div>\n\t\t\t\t<\/div>\n\t\t\t\t<\/div>\n\t\t\t\t\t<\/div>\n\t\t\t\t<\/div>\n\t\t<div class=\"elementor-element elementor-element-33b9c65 elementor-hidden-desktop elementor-hidden-tablet_extra elementor-hidden-tablet e-flex e-con-boxed e-con e-parent\" data-id=\"33b9c65\" data-element_type=\"container\" data-e-type=\"container\" data-settings=\"{&quot;background_background&quot;:&quot;classic&quot;}\">\n\t\t\t\t\t<div class=\"e-con-inner\">\n\t\t\t\t<div class=\"elementor-element elementor-element-ec5a48b elementor-widget elementor-widget-heading\" data-id=\"ec5a48b\" data-element_type=\"widget\" data-e-type=\"widget\" data-widget_type=\"heading.default\">\n\t\t\t\t\t<h2 class=\"elementor-heading-title elementor-size-default\">So einfach kannst du teilnehmen:\n\n<\/h2>\t\t\t\t<\/div>\n\t\t\t\t<div class=\"elementor-element elementor-element-5503a05 elementor-widget__width-initial elementor-widget elementor-widget-text-editor\" data-id=\"5503a05\" data-element_type=\"widget\" data-e-type=\"widget\" data-widget_type=\"text-editor.default\">\n\t\t\t\t\t\t\t\t\t<p>1. Scan de QR-code<\/p><p>2.  <span class=\"TextRun SCXW9623768 BCX8\" lang=\"NL-NL\" xml:lang=\"NL-NL\" data-contrast=\"auto\"><span class=\"NormalTextRun SCXW9623768 BCX8\">2. F\u00fclle das Formular aus<\/span><\/span><span class=\"EOP SCXW9623768 BCX8\" data-ccp-props=\"{}\"> <\/span><\/p><p>3. Folge unserer Instagram-Seite @lovensbikes<\/p>\t\t\t\t\t\t\t\t<\/div>\n\t\t<div class=\"elementor-element elementor-element-bec8b82 e-con-full e-flex e-con e-child\" data-id=\"bec8b82\" data-element_type=\"container\" data-e-type=\"container\">\n\t\t\t\t<div class=\"elementor-element elementor-element-db13508 elementor-widget__width-auto elementor-widget-mobile__width-inherit elementor-widget elementor-widget-heading\" data-id=\"db13508\" data-element_type=\"widget\" data-e-type=\"widget\" data-widget_type=\"heading.default\">\n\t\t\t\t\t<p class=\"elementor-heading-title elementor-size-default\">\u2026mit Gl\u00fcck cruisen du und deine Familie bald auf der Kinderlimousine durchs Leben.<\/p>\t\t\t\t<\/div>\n\t\t\t\t<div class=\"elementor-element elementor-element-2b68cb0 elementor-widget elementor-widget-n-accordion\" data-id=\"2b68cb0\" data-element_type=\"widget\" data-e-type=\"widget\" data-settings=\"{&quot;default_state&quot;:&quot;all_collapsed&quot;,&quot;max_items_expended&quot;:&quot;one&quot;,&quot;n_accordion_animation_duration&quot;:{&quot;unit&quot;:&quot;ms&quot;,&quot;size&quot;:400,&quot;sizes&quot;:[]}}\" data-widget_type=\"nested-accordion.default\">\n\t\t\t\t\t\t\t<div class=\"e-n-accordion\" aria-label=\"Accordion. Open links with Enter or Space, close with Escape, and navigate with Arrow Keys\">\n\t\t\t\t\t\t<details id=\"e-n-accordion-item-4550\" class=\"e-n-accordion-item\" >\n\t\t\t\t<summary class=\"e-n-accordion-item-title\" data-accordion-index=\"1\" tabindex=\"0\" aria-expanded=\"false\" aria-controls=\"e-n-accordion-item-4550\" >\n\t\t\t\t\t<span class='e-n-accordion-item-title-header'><div class=\"e-n-accordion-item-title-text\"> Aktionsbedingungen <\/div><\/span>\n\t\t\t\t\t\t\t<span class='e-n-accordion-item-title-icon'>\n\t\t\t<span class='e-opened' ><i aria-hidden=\"true\" class=\"fas fa-minus\"><\/i><\/span>\n\t\t\t<span class='e-closed'><i aria-hidden=\"true\" class=\"fas fa-plus\"><\/i><\/span>\n\t\t<\/span>\n\n\t\t\t\t\t\t<\/summary>\n\t\t\t\t<div role=\"region\" aria-labelledby=\"e-n-accordion-item-4550\" class=\"elementor-element elementor-element-e5dbdc5 e-con-full e-flex e-con e-child\" data-id=\"e5dbdc5\" data-element_type=\"container\" data-e-type=\"container\">\n\t\t\t\t<div class=\"elementor-element elementor-element-20eda01 elementor-widget__width-initial elementor-widget elementor-widget-text-editor\" data-id=\"20eda01\" data-element_type=\"widget\" data-e-type=\"widget\" data-widget_type=\"text-editor.default\">\n\t\t\t\t\t\t\t\t\t<p>Aktionsbedingungen <br><br><span data-contrast=\"auto\">Die Aktion startet am 7. November 2025 und l\u00e4uft bis zum 30. Juni 2026. Scanne den QR-Code,<\/span><span data-ccp-props=\"{}\"> <\/span><\/p><p><span data-contrast=\"auto\">Scanne den QR-Code, gib deine Daten ein und folge uns auf Instagram.<\/span><span data-ccp-props=\"{}\"> <\/span><\/p><p><span data-contrast=\"auto\">gib deine Daten ein und folge uns auf Instagram. Der Gewinner wird in der zweiten Juliwoche<\/span><span data-ccp-props=\"{}\"> <\/span><\/p><p><span data-contrast=\"auto\">2026 \u00fcber unsere Instagram-Seite (@lovensbikes) bekannt gegeben und erh\u00e4lt zus\u00e4tzlich eine pers\u00f6nliche Nachricht.<\/span><span data-ccp-props=\"{}\"> <\/span><\/p><p><span data-contrast=\"auto\">Die Auslieferung des Lastenrades erfolgt in Absprache so schnell wie m\u00f6glich, abh\u00e4ngig vom Lagerbestand.<\/span><span data-ccp-props=\"{}\"> <\/span><\/p>\t\t\t\t\t\t\t\t<\/div>\n\t\t\t\t<\/div>\n\t\t\t\t\t<\/details>\n\t\t\t\t\t<\/div>\n\t\t\t\t\t\t<\/div>\n\t\t\t\t<\/div>\n\t\t\t\t\t<\/div>\n\t\t\t\t<\/div>\n\t\t<div class=\"elementor-element elementor-element-ab6d691 elementor-hidden-desktop elementor-hidden-tablet_extra elementor-hidden-tablet e-flex e-con-boxed e-con e-parent\" data-id=\"ab6d691\" data-element_type=\"container\" data-e-type=\"container\" data-settings=\"{&quot;background_background&quot;:&quot;classic&quot;}\">\n\t\t\t\t\t<div class=\"e-con-inner\">\n\t\t\t\t<div class=\"elementor-element elementor-element-ddcd9a9 elementor-button-align-stretch elementor-widget elementor-widget-form\" data-id=\"ddcd9a9\" data-element_type=\"widget\" data-e-type=\"widget\" id=\"win-formulier-2025-2026\" data-settings=\"{&quot;step_next_label&quot;:&quot;N\\u00e4chste&quot;,&quot;step_previous_label&quot;:&quot;Vorherige&quot;,&quot;button_width&quot;:&quot;100&quot;,&quot;step_type&quot;:&quot;number_text&quot;,&quot;step_icon_shape&quot;:&quot;circle&quot;}\" data-widget_type=\"form.default\">\n\t\t\t\t\t\t\t<form class=\"elementor-form\" method=\"post\" id=\"win_actie_2025_2026\" name=\"Gewin form 2025-2026\" aria-label=\"Gewin form 2025-2026\">\n\t\t\t<input type=\"hidden\" name=\"post_id\" value=\"32956\"\/>\n\t\t\t<input type=\"hidden\" name=\"form_id\" value=\"ddcd9a9\"\/>\n\t\t\t<input type=\"hidden\" name=\"referer_title\" value=\"\" \/>\n\n\t\t\t\n\t\t\t<div class=\"elementor-form-fields-wrapper elementor-labels-above\">\n\t\t\t\t\t\t\t\t<div class=\"elementor-field-type-text elementor-field-group elementor-column elementor-field-group-frontname elementor-col-100 elementor-field-required\">\n\t\t\t\t\t\t\t\t\t\t\t\t\t<input size=\"1\" type=\"text\" name=\"form_fields[frontname]\" id=\"form-field-frontname\" class=\"elementor-field elementor-size-lg  elementor-field-textual\" placeholder=\"Name\" required=\"required\">\n\t\t\t\t\t\t\t\t\t\t\t<\/div>\n\t\t\t\t\t\t\t\t<div class=\"elementor-field-type-text elementor-field-group elementor-column elementor-field-group-lastname elementor-col-100 elementor-field-required\">\n\t\t\t\t\t\t\t\t\t\t\t\t\t<input size=\"1\" type=\"text\" name=\"form_fields[lastname]\" id=\"form-field-lastname\" class=\"elementor-field elementor-size-lg  elementor-field-textual\" placeholder=\"Familienname, Nachname\" required=\"required\">\n\t\t\t\t\t\t\t\t\t\t\t<\/div>\n\t\t\t\t\t\t\t\t<div class=\"elementor-field-type-email elementor-field-group elementor-column elementor-field-group-email elementor-col-100 elementor-field-required\">\n\t\t\t\t\t\t\t\t\t\t\t\t\t<input size=\"1\" type=\"email\" name=\"form_fields[email]\" id=\"form-field-email\" class=\"elementor-field elementor-size-lg  elementor-field-textual\" placeholder=\"E-mail Adresse\" required=\"required\">\n\t\t\t\t\t\t\t\t\t\t\t<\/div>\n\t\t\t\t\t\t\t\t<div class=\"elementor-field-type-select elementor-field-group elementor-column elementor-field-group-where elementor-col-100 elementor-field-required\">\n\t\t\t\t\t\t\t<div class=\"elementor-field elementor-select-wrapper remove-before \">\n\t\t\t<div class=\"select-caret-down-wrapper\">\n\t\t\t\t<i aria-hidden=\"true\" class=\"eicon-caret-down\"><\/i>\t\t\t<\/div>\n\t\t\t<select name=\"form_fields[where]\" id=\"form-field-where\" class=\"elementor-field-textual elementor-size-lg\" required=\"required\">\n\t\t\t\t\t\t\t\t\t<option value=\"An welcher Messe nehmen Sie teil?\">An welcher Messe nehmen Sie teil?<\/option>\n\t\t\t\t\t\t\t\t\t<option value=\" babini\">Babini <\/option>\n\t\t\t\t\t\t\t\t\t<option value=\" thefamilycircle\">The Family Circle <\/option>\n\t\t\t\t\t\t\t\t\t<option value=\" babyboom\">Babyboom <\/option>\n\t\t\t\t\t\t\t\t\t<option value=\" velofollies\">Velofollies <\/option>\n\t\t\t\t\t\t\t\t\t<option value=\" cyclingworld\">Cyclingworld <\/option>\n\t\t\t\t\t\t\t\t\t<option value=\" ebikechallenge\">E-Bike Challenge <\/option>\n\t\t\t\t\t\t\t\t\t<option value=\" negen_maanden_beurs\">Negen Maanden Beurs <\/option>\n\t\t\t\t\t\t\t\t\t<option value=\" we_are_pregnant\">We Are Pregnant <\/option>\n\t\t\t\t\t\t\t\t\t<option value=\" eurobike\">Eurobike <\/option>\n\t\t\t\t\t\t\t<\/select>\n\t\t<\/div>\n\t\t\t\t\t\t<\/div>\n\t\t\t\t\t\t\t\t<div class=\"elementor-field-type-acceptance elementor-field-group elementor-column elementor-field-group-field_55ce694 elementor-col-100 elementor-field-required\">\n\t\t\t\t\t\t\t<div class=\"elementor-field-subgroup\">\n\t\t\t<span class=\"elementor-field-option\">\n\t\t\t\t<input type=\"checkbox\" name=\"form_fields[field_55ce694]\" id=\"form-field-field_55ce694\" class=\"elementor-field elementor-size-lg  elementor-acceptance-field\" required=\"required\">\n\t\t\t\t<label for=\"form-field-field_55ce694\">Ich bin mit <a href=\"https:\/\/lovensbikes.com\/privacy-policy\/\" style=\"font-size:14px; color:#5E8562;\">den Datenschutzbestimmungen<\/a> einverstanden.<\/label>\t\t\t<\/span>\n\t\t<\/div>\n\t\t\t\t\t\t<\/div>\n\t\t\t\t\t\t\t\t<div class=\"elementor-field-type-acceptance elementor-field-group elementor-column elementor-field-group-field_698106c elementor-col-100 elementor-field-required\">\n\t\t\t\t\t\t\t<div class=\"elementor-field-subgroup\">\n\t\t\t<span class=\"elementor-field-option\">\n\t\t\t\t<input type=\"checkbox\" name=\"form_fields[field_698106c]\" id=\"form-field-field_698106c\" class=\"elementor-field elementor-size-lg  elementor-acceptance-field\" required=\"required\">\n\t\t\t\t<label for=\"form-field-field_698106c\">Ich bin mit den Aktionsbedingungen einverstanden.<\/label>\t\t\t<\/span>\n\t\t<\/div>\n\t\t\t\t\t\t<\/div>\n\t\t\t\t\t\t\t\t<div class=\"elementor-field-group elementor-column elementor-field-type-submit elementor-col-100 e-form__buttons\">\n\t\t\t\t\t<button class=\"elementor-button elementor-size-sm\" type=\"submit\">\n\t\t\t\t\t\t<span class=\"elementor-button-content-wrapper\">\n\t\t\t\t\t\t\t\t\t\t\t\t\t\t\t\t\t\t\t\t\t\t<span class=\"elementor-button-text\">Senden<\/span>\n\t\t\t\t\t\t\t\t\t\t\t\t\t<\/span>\n\t\t\t\t\t<\/button>\n\t\t\t\t<\/div>\n\t\t\t<\/div>\n\t\t<\/form>\n\t\t\t\t\t\t<\/div>\n\t\t\t\t\t<\/div>\n\t\t\t\t<\/div>\n\t\t<div class=\"elementor-element elementor-element-15dbd31 elementor-hidden-desktop elementor-hidden-tablet_extra elementor-hidden-tablet elementor-hidden-mobile e-flex e-con-boxed e-con e-parent\" data-id=\"15dbd31\" data-element_type=\"container\" data-e-type=\"container\">\n\t\t\t\t\t<div class=\"e-con-inner\">\n\t\t\t\t<div class=\"elementor-element elementor-element-e0036b4 elementor-widget elementor-widget-html\" data-id=\"e0036b4\" data-element_type=\"widget\" data-e-type=\"widget\" data-widget_type=\"html.default\">\n\t\t\t\t\t<meta name=\"robots\" content=\"noindex, nofollow\">\r\n\t\t\t\t<\/div>\n\t\t\t\t\t<\/div>\n\t\t\t\t<\/div>\n\t\t<div class=\"elementor-element elementor-element-e860dd3 elementor-hidden-mobile e-flex e-con-boxed e-con e-parent\" data-id=\"e860dd3\" data-element_type=\"container\" data-e-type=\"container\" data-settings=\"{&quot;background_background&quot;:&quot;classic&quot;}\">\n\t\t\t\t\t<div class=\"e-con-inner\">\n\t\t<div class=\"elementor-element elementor-element-845ef2c e-flex e-con-boxed e-con e-child\" data-id=\"845ef2c\" data-element_type=\"container\" data-e-type=\"container\">\n\t\t\t\t\t<div class=\"e-con-inner\">\n\t\t\t\t<div class=\"elementor-element elementor-element-8af30fc elementor-widget elementor-widget-spacer\" data-id=\"8af30fc\" data-element_type=\"widget\" data-e-type=\"widget\" data-widget_type=\"spacer.default\">\n\t\t\t\t\t\t\t<div class=\"elementor-spacer\">\n\t\t\t<div class=\"elementor-spacer-inner\"><\/div>\n\t\t<\/div>\n\t\t\t\t\t\t<\/div>\n\t\t\t\t<div class=\"elementor-element elementor-element-8995a50 elementor-widget elementor-widget-heading\" data-id=\"8995a50\" data-element_type=\"widget\" data-e-type=\"widget\" data-settings=\"{&quot;_animation&quot;:&quot;none&quot;}\" data-widget_type=\"heading.default\">\n\t\t\t\t\t<h2 class=\"elementor-heading-title elementor-size-default\"><h2 data-elementor-setting-key=\"title\" data-pen-placeholder=\"Hier typen...\" style=\"font-size: 50px;font-style: normal;font-weight: 500;font-family: Inter, sans-serif;letter-spacing: -2.5px\">Diese Seite scheint nicht zu existieren\n<\/h2><\/h2>\t\t\t\t<\/div>\n\t\t\t\t<div class=\"elementor-element elementor-element-1bb0423 elementor-widget__width-inherit elementor-mobile-align-left elementor-align-center elementor-hidden-mobile elementor-widget elementor-widget-button\" data-id=\"1bb0423\" data-element_type=\"widget\" data-e-type=\"widget\" data-settings=\"{&quot;_animation&quot;:&quot;none&quot;}\" data-widget_type=\"button.default\">\n\t\t\t\t\t\t\t\t\t\t<a class=\"elementor-button elementor-button-link elementor-size-sm\" href=\"https:\/\/lovensbikes.com\">\n\t\t\t\t\t\t<span class=\"elementor-button-content-wrapper\">\n\t\t\t\t\t\t\t\t\t<span class=\"elementor-button-text\">Zur\u00fcck <\/span>\n\t\t\t\t\t<\/span>\n\t\t\t\t\t<\/a>\n\t\t\t\t\t\t\t\t<\/div>\n\t\t\t\t<div class=\"elementor-element elementor-element-d7591a8 elementor-widget elementor-widget-spacer\" data-id=\"d7591a8\" data-element_type=\"widget\" data-e-type=\"widget\" data-widget_type=\"spacer.default\">\n\t\t\t\t\t\t\t<div class=\"elementor-spacer\">\n\t\t\t<div class=\"elementor-spacer-inner\"><\/div>\n\t\t<\/div>\n\t\t\t\t\t\t<\/div>\n\t\t\t\t\t<\/div>\n\t\t\t\t<\/div>\n\t\t\t\t\t<\/div>\n\t\t\t\t<\/div>\n\t\t\t\t<\/div>\n\t\t","protected":false},"excerpt":{"rendered":"<p>Gewinne das neue Lovens Explorer 2 So einfach kannst du teilnehmen: 1. Scan de QR-code 2. 2. F\u00fclle das Formular aus 3. Folge unserer Instagram-Seite @lovensbikes \u2026mit Gl\u00fcck cruisen du und deine Familie bald auf der Kinderlimousine durchs Leben. Aktionsbedingungen Aktionsbedingungen Die Aktion startet am 7. November 2025 und l\u00e4uft bis zum 30. Juni 2026. [&hellip;]<\/p>\n","protected":false},"author":9,"featured_media":0,"parent":0,"menu_order":0,"comment_status":"closed","ping_status":"closed","template":"","meta":{"_acf_changed":false,"site-sidebar-layout":"default","site-content-layout":"","ast-site-content-layout":"default","site-content-style":"default","site-sidebar-style":"default","ast-global-header-display":"","ast-banner-title-visibility":"","ast-main-header-display":"","ast-hfb-above-header-display":"","ast-hfb-below-header-display":"","ast-hfb-mobile-header-display":"","site-post-title":"","ast-breadcrumbs-content":"","ast-featured-img":"","footer-sml-layout":"","ast-disable-related-posts":"","theme-transparent-header-meta":"","adv-header-id-meta":"","stick-header-meta":"","header-above-stick-meta":"","header-main-stick-meta":"","header-below-stick-meta":"","astra-migrate-meta-layouts":"default","ast-page-background-enabled":"default","ast-page-background-meta":{"desktop":{"background-color":"var(--ast-global-color-4)","background-image":"","background-repeat":"repeat","background-position":"center center","background-size":"auto","background-attachment":"scroll","background-type":"","background-media":"","overlay-type":"","overlay-color":"","overlay-opacity":"","overlay-gradient":""},"tablet":{"background-color":"","background-image":"","background-repeat":"repeat","background-position":"center center","background-size":"auto","background-attachment":"scroll","background-type":"","background-media":"","overlay-type":"","overlay-color":"","overlay-opacity":"","overlay-gradient":""},"mobile":{"background-color":"","background-image":"","background-repeat":"repeat","background-position":"center center","background-size":"auto","background-attachment":"scroll","background-type":"","background-media":"","overlay-type":"","overlay-color":"","overlay-opacity":"","overlay-gradient":""}},"ast-content-background-meta":{"desktop":{"background-color":"var(--ast-global-color-5)","background-image":"","background-repeat":"repeat","background-position":"center center","background-size":"auto","background-attachment":"scroll","background-type":"","background-media":"","overlay-type":"","overlay-color":"","overlay-opacity":"","overlay-gradient":""},"tablet":{"background-color":"var(--ast-global-color-5)","background-image":"","background-repeat":"repeat","background-position":"center center","background-size":"auto","background-attachment":"scroll","background-type":"","background-media":"","overlay-type":"","overlay-color":"","overlay-opacity":"","overlay-gradient":""},"mobile":{"background-color":"var(--ast-global-color-5)","background-image":"","background-repeat":"repeat","background-position":"center center","background-size":"auto","background-attachment":"scroll","background-type":"","background-media":"","overlay-type":"","overlay-color":"","overlay-opacity":"","overlay-gradient":""}},"footnotes":""},"type-fiets":[],"class_list":["post-32956","page","type-page","status-publish","hentry"],"acf":[],"_links":{"self":[{"href":"https:\/\/lovensbikes.com\/de\/wp-json\/wp\/v2\/pages\/32956","targetHints":{"allow":["GET"]}}],"collection":[{"href":"https:\/\/lovensbikes.com\/de\/wp-json\/wp\/v2\/pages"}],"about":[{"href":"https:\/\/lovensbikes.com\/de\/wp-json\/wp\/v2\/types\/page"}],"author":[{"embeddable":true,"href":"https:\/\/lovensbikes.com\/de\/wp-json\/wp\/v2\/users\/9"}],"replies":[{"embeddable":true,"href":"https:\/\/lovensbikes.com\/de\/wp-json\/wp\/v2\/comments?post=32956"}],"version-history":[{"count":44,"href":"https:\/\/lovensbikes.com\/de\/wp-json\/wp\/v2\/pages\/32956\/revisions"}],"predecessor-version":[{"id":38583,"href":"https:\/\/lovensbikes.com\/de\/wp-json\/wp\/v2\/pages\/32956\/revisions\/38583"}],"wp:attachment":[{"href":"https:\/\/lovensbikes.com\/de\/wp-json\/wp\/v2\/media?parent=32956"}],"wp:term":[{"taxonomy":"type-fiets","embeddable":true,"href":"https:\/\/lovensbikes.com\/de\/wp-json\/wp\/v2\/type-fiets?post=32956"}],"curies":[{"name":"wp","href":"https:\/\/api.w.org\/{rel}","templated":true}]}}