{"id":21312,"date":"2024-10-31T06:29:50","date_gmt":"2024-10-31T05:29:50","guid":{"rendered":"https:\/\/lovensbikes.com\/?page_id=21312"},"modified":"2026-03-31T15:20:17","modified_gmt":"2026-03-31T13:20:17","slug":"promotion-dautomne","status":"publish","type":"page","link":"https:\/\/lovensbikes.com\/fr\/promotion-dautomne\/","title":{"rendered":"Promotion d&rsquo;automne"},"content":{"rendered":"\t\t<div data-elementor-type=\"wp-page\" data-elementor-id=\"21312\" class=\"elementor elementor-21312 elementor-21306\" data-elementor-post-type=\"page\">\n\t\t\t\t<div class=\"elementor-element elementor-element-a89e666 e-con-full e-flex e-con e-parent\" data-id=\"a89e666\" data-element_type=\"container\" data-e-type=\"container\" data-settings=\"{&quot;background_background&quot;:&quot;classic&quot;}\">\n\t\t<div class=\"elementor-element elementor-element-57affdb e-con-full e-flex e-con e-child\" data-id=\"57affdb\" data-element_type=\"container\" data-e-type=\"container\">\n\t\t<div class=\"elementor-element elementor-element-10ef4b3 e-con-full e-flex e-con e-child\" data-id=\"10ef4b3\" data-element_type=\"container\" data-e-type=\"container\">\n\t\t<div class=\"elementor-element elementor-element-8e1da48 e-con-full e-flex e-con e-child\" data-id=\"8e1da48\" data-element_type=\"container\" data-e-type=\"container\">\n\t\t\t\t<div class=\"elementor-element elementor-element-c1bc54b elementor-widget__width-initial elementor-widget elementor-widget-heading\" data-id=\"c1bc54b\" data-element_type=\"widget\" data-e-type=\"widget\" data-widget_type=\"heading.default\">\n\t\t\t\t\t<h1 class=\"elementor-heading-title elementor-size-default\">Restez au sec cet automne<\/h1>\t\t\t\t<\/div>\n\t\t\t\t<div class=\"elementor-element elementor-element-7ef48c6 elementor-widget__width-initial elementor-widget elementor-widget-heading\" data-id=\"7ef48c6\" data-element_type=\"widget\" data-e-type=\"widget\" data-widget_type=\"heading.default\">\n\t\t\t\t\t<h2 class=\"elementor-heading-title elementor-size-default\">Soyez pr\u00eat pour les journ\u00e9es d\u2019automne pluvieuses avec Lovens ! Achetez maintenant un Lovens Explorer et recevez gratuitement <b>une capote de pluie et des feux de jour LED.<\/b> <\/h2>\t\t\t\t<\/div>\n\t\t\t\t<\/div>\n\t\t\t\t<\/div>\n\t\t\t\t<\/div>\n\t\t<div class=\"elementor-element elementor-element-29bca32 e-con-full e-flex e-con e-child\" data-id=\"29bca32\" data-element_type=\"container\" data-e-type=\"container\">\n\t\t\t\t<\/div>\n\t\t\t\t<\/div>\n\t\t<div class=\"elementor-element elementor-element-8ea60e7 e-flex e-con-boxed e-con e-parent\" data-id=\"8ea60e7\" data-element_type=\"container\" data-e-type=\"container\">\n\t\t\t\t\t<div class=\"e-con-inner\">\n\t\t<div class=\"elementor-element elementor-element-2a65b8f e-con-full e-flex e-con e-child\" data-id=\"2a65b8f\" data-element_type=\"container\" data-e-type=\"container\">\n\t\t\t\t<div class=\"elementor-element elementor-element-f61aa0a elementor-widget elementor-widget-html\" data-id=\"f61aa0a\" data-element_type=\"widget\" data-e-type=\"widget\" data-widget_type=\"html.default\">\n\t\t\t\t\t<!-- TrustBox widget - Micro Combo -->\n<div class=\"trustpilot-widget\" data-locale=\"nl-NL\" data-template-id=\"5419b6ffb0d04a076446a9af\" data-businessunit-id=\"628b8a16d901abf0fd209311\" data-style-height=\"20px\" data-style-width=\"100%\" data-theme=\"dark\" data-font-family=\"Roboto\">\n<a href=\"https:\/\/nl.trustpilot.com\/review\/lovensbikes.com\" target=\"_blank\" rel=\"noopener\">Trustpilot<\/a>\n<\/div>\n<!-- End TrustBox widget -->\t\t\t\t<\/div>\n\t\t\t\t<\/div>\n\t\t\t\t\t<\/div>\n\t\t\t\t<\/div>\n\t\t<div class=\"elementor-element elementor-element-27a3ebf e-con-full e-flex e-con e-parent\" data-id=\"27a3ebf\" data-element_type=\"container\" data-e-type=\"container\" data-settings=\"{&quot;background_background&quot;:&quot;gradient&quot;}\">\n\t\t<div class=\"elementor-element elementor-element-b33e66c e-con-full e-flex e-con e-child\" data-id=\"b33e66c\" data-element_type=\"container\" data-e-type=\"container\">\n\t\t<div class=\"elementor-element elementor-element-32e5074 e-con-full e-flex e-con e-child\" data-id=\"32e5074\" data-element_type=\"container\" data-e-type=\"container\">\n\t\t<div class=\"elementor-element elementor-element-f4ab9ee e-con-full e-flex e-con e-child\" data-id=\"f4ab9ee\" data-element_type=\"container\" data-e-type=\"container\">\n\t\t\t\t<div class=\"elementor-element elementor-element-310559e elementor-widget elementor-widget-heading\" data-id=\"310559e\" data-element_type=\"widget\" data-e-type=\"widget\" data-widget_type=\"heading.default\">\n\t\t\t\t\t<h2 class=\"elementor-heading-title elementor-size-default\">Ideaal voor regenachtige, donkere dagen<\/h2>\t\t\t\t<\/div>\n\t\t\t\t<div class=\"elementor-element elementor-element-3036e5e elementor-widget elementor-widget-text-editor\" data-id=\"3036e5e\" data-element_type=\"widget\" data-e-type=\"widget\" data-widget_type=\"text-editor.default\">\n\t\t\t\t\t\t\t\t\t<p><strong>Cette offre promotionnelle est valable jusqu&rsquo;au 31 avril 2026 inclus. Ne manquez pas cette occasion unique et profitez de 490 \u20ac d&rsquo;accessoires gratuits \u00e0 l&rsquo;achat de votre Lovens Explorer. L&rsquo;inscription \u00e0 cette promotion se fait via votre point de vente.<\/strong><\/p><p><strong>\u2714 Capote de pluie gratuite (valeur : 359,95 \u20ac) <\/strong>: Prot\u00e9gez votre pr\u00e9cieuse cargaison du soleil, du vent ou de la pluie. La capote de pluie Lovens garde vos enfants ou le chien au sec. Le mat\u00e9riau robuste prot\u00e8ge efficacement contre le vent et le froid. Gr\u00e2ce \u00e0 son tissu imperm\u00e9able et \u00e0 ses fermetures \u00e9clair hydrofuges, il est parfaitement adapt\u00e9 pour r\u00e9sister aux fortes pluies.<\/p><p><strong>\u2714 Feux de jour \u00e0 LED gratuits (valeur : 129,95 \u20ac)<\/strong> : Soyez toujours visible, m\u00eame dans l&rsquo;obscurit\u00e9. Les feux de jour \u00e0 LED de Lovens rendent votre v\u00e9lo cargo encore plus s\u00fbr sur la route. Sentez-vous en confiance, sachant que vous \u00eates bien visible pour les autres usagers de la route, m\u00eame pendant les journ\u00e9es sombres.<\/p><p>Questions? Consultez notre <a href=\"https:\/\/lovensbikes.com\/fr\/faqs\/\">FAQ<\/a> ici.<\/p>\t\t\t\t\t\t\t\t<\/div>\n\t\t<div class=\"elementor-element elementor-element-8918dca e-con-full e-flex e-con e-child\" data-id=\"8918dca\" data-element_type=\"container\" data-e-type=\"container\">\n\t\t\t\t<div class=\"elementor-element elementor-element-0da1e4e elementor-invisible elementor-widget elementor-widget-button\" data-id=\"0da1e4e\" data-element_type=\"widget\" data-e-type=\"widget\" data-settings=\"{&quot;_animation&quot;:&quot;fadeInUp&quot;}\" data-widget_type=\"button.default\">\n\t\t\t\t\t\t\t\t\t\t<a class=\"elementor-button elementor-button-link elementor-size-sm\" href=\"https:\/\/lovensbikes.com\/wp-content\/uploads\/2026\/03\/Actievoorwaarden-Lovens-LED-en-Regenhuif-actie-ENG-Apr-2026-02.pdf\">\n\t\t\t\t\t\t<span class=\"elementor-button-content-wrapper\">\n\t\t\t\t\t\t\t\t\t<span class=\"elementor-button-text\">Conditions de promotion<\/span>\n\t\t\t\t\t<\/span>\n\t\t\t\t\t<\/a>\n\t\t\t\t\t\t\t\t<\/div>\n\t\t\t\t<\/div>\n\t\t\t\t<\/div>\n\t\t\t\t<\/div>\n\t\t\t\t<\/div>\n\t\t<div class=\"elementor-element elementor-element-51946a0 e-con-full e-flex e-con e-child\" data-id=\"51946a0\" data-element_type=\"container\" data-e-type=\"container\" data-settings=\"{&quot;background_background&quot;:&quot;classic&quot;}\">\n\t\t\t\t<div class=\"elementor-element elementor-element-0484741 elementor-widget elementor-widget-image\" data-id=\"0484741\" data-element_type=\"widget\" data-e-type=\"widget\" data-widget_type=\"image.default\">\n\t\t\t\t\t\t\t\t\t\t\t\t\t\t\t<img fetchpriority=\"high\" decoding=\"async\" width=\"768\" height=\"960\" src=\"https:\/\/lovensbikes.com\/wp-content\/uploads\/2025\/04\/Promo-regenhuif_v2-1-768x960.jpg\" class=\"attachment-medium_large size-medium_large wp-image-26243\" alt=\"\" srcset=\"https:\/\/lovensbikes.com\/wp-content\/uploads\/2025\/04\/Promo-regenhuif_v2-1-768x960.jpg 768w, https:\/\/lovensbikes.com\/wp-content\/uploads\/2025\/04\/Promo-regenhuif_v2-1-240x300.jpg 240w, https:\/\/lovensbikes.com\/wp-content\/uploads\/2025\/04\/Promo-regenhuif_v2-1-510x638.jpg 510w, https:\/\/lovensbikes.com\/wp-content\/uploads\/2025\/04\/Promo-regenhuif_v2-1.jpg 819w\" sizes=\"(max-width: 768px) 100vw, 768px\" \/>\t\t\t\t\t\t\t\t\t\t\t\t\t\t\t<\/div>\n\t\t\t\t<\/div>\n\t\t\t\t<\/div>\n\t\t<div class=\"elementor-element elementor-element-06e72da e-con-full e-flex e-con e-parent\" data-id=\"06e72da\" data-element_type=\"container\" data-e-type=\"container\" data-settings=\"{&quot;background_background&quot;:&quot;gradient&quot;}\">\n\t\t<div class=\"elementor-element elementor-element-fcf0f98 e-con-full e-flex e-con e-child\" data-id=\"fcf0f98\" data-element_type=\"container\" data-e-type=\"container\" data-settings=\"{&quot;background_background&quot;:&quot;classic&quot;}\">\n\t\t\t\t<div class=\"elementor-element elementor-element-adc390b elementor-widget elementor-widget-image\" data-id=\"adc390b\" data-element_type=\"widget\" data-e-type=\"widget\" data-widget_type=\"image.default\">\n\t\t\t\t\t\t\t\t\t\t\t\t\t\t\t<img decoding=\"async\" width=\"768\" height=\"960\" src=\"https:\/\/lovensbikes.com\/wp-content\/uploads\/2025\/09\/Promo-regenhuif_v3-ABS-768x960.jpg\" class=\"attachment-medium_large size-medium_large wp-image-30216\" alt=\"Front wheel and ABS Cargo suspension fork with illuminated LED light of the Lovens Explorer 2 cargo bike at night\" srcset=\"https:\/\/lovensbikes.com\/wp-content\/uploads\/2025\/09\/Promo-regenhuif_v3-ABS-768x960.jpg 768w, https:\/\/lovensbikes.com\/wp-content\/uploads\/2025\/09\/Promo-regenhuif_v3-ABS-240x300.jpg 240w, https:\/\/lovensbikes.com\/wp-content\/uploads\/2025\/09\/Promo-regenhuif_v3-ABS-510x638.jpg 510w, https:\/\/lovensbikes.com\/wp-content\/uploads\/2025\/09\/Promo-regenhuif_v3-ABS.jpg 819w\" sizes=\"(max-width: 768px) 100vw, 768px\" \/>\t\t\t\t\t\t\t\t\t\t\t\t\t\t\t<\/div>\n\t\t\t\t<\/div>\n\t\t<div class=\"elementor-element elementor-element-b31202b e-con-full e-flex e-con e-child\" data-id=\"b31202b\" data-element_type=\"container\" data-e-type=\"container\">\n\t\t<div class=\"elementor-element elementor-element-cc6c70f e-con-full e-flex e-con e-child\" data-id=\"cc6c70f\" data-element_type=\"container\" data-e-type=\"container\">\n\t\t<div class=\"elementor-element elementor-element-57743c5 e-con-full e-flex e-con e-child\" data-id=\"57743c5\" data-element_type=\"container\" data-e-type=\"container\">\n\t\t\t\t<div class=\"elementor-element elementor-element-00e85f7 elementor-widget elementor-widget-heading\" data-id=\"00e85f7\" data-element_type=\"widget\" data-e-type=\"widget\" data-widget_type=\"heading.default\">\n\t\t\t\t\t<h2 class=\"elementor-heading-title elementor-size-default\">Freinage encore plus s\u00fbr gr\u00e2ce \u00e0 l'ABS. <br>Maintenant disponible sur Explorer.<\/h2>\t\t\t\t<\/div>\n\t\t<div class=\"elementor-element elementor-element-346dc1c e-con-full e-flex e-con e-child\" data-id=\"346dc1c\" data-element_type=\"container\" data-e-type=\"container\">\n\t\t<div class=\"elementor-element elementor-element-7755836 e-con-full e-flex e-con e-child\" data-id=\"7755836\" data-element_type=\"container\" data-e-type=\"container\">\n\t\t<div class=\"elementor-element elementor-element-15375fa e-con-full e-flex e-con e-child\" data-id=\"15375fa\" data-element_type=\"container\" data-e-type=\"container\">\n\t\t<div class=\"elementor-element elementor-element-87d20a1 e-con-full e-flex e-con e-child\" data-id=\"87d20a1\" data-element_type=\"container\" data-e-type=\"container\">\n\t\t\t\t<div class=\"elementor-element elementor-element-59abfdb elementor-widget__width-initial elementor-widget elementor-widget-text-editor\" data-id=\"59abfdb\" data-element_type=\"widget\" data-e-type=\"widget\" data-widget_type=\"text-editor.default\">\n\t\t\t\t\t\t\t\t\t<p>Le syst\u00e8me ABS, comme dans une voiture, est maintenant sur votre Lovens ! <strong>Dankzij ABS kun je korter, veiliger en nauwkeuriger remmen, zelfs met een volle bak tijdens regenachtige dagen.<\/strong> Cela vous prot\u00e8ge, vous, votre pr\u00e9cieux chargement et les autres usagers de la route dans des situations inattendues. L&rsquo;ABS est disponible en option sur les mod\u00e8les S75\/S75 AUTO et S85\/S85 AUTO.<\/p>\t\t\t\t\t\t\t\t<\/div>\n\t\t\t\t<div class=\"elementor-element elementor-element-cccca12 elementor-invisible elementor-widget elementor-widget-button\" data-id=\"cccca12\" data-element_type=\"widget\" data-e-type=\"widget\" data-settings=\"{&quot;_animation&quot;:&quot;fadeInUp&quot;}\" data-widget_type=\"button.default\">\n\t\t\t\t\t\t\t\t\t\t<a class=\"elementor-button elementor-button-link elementor-size-sm\" href=\"https:\/\/lovensbikes.com\/fr\/lovens-abs\/\">\n\t\t\t\t\t\t<span class=\"elementor-button-content-wrapper\">\n\t\t\t\t\t\t\t\t\t<span class=\"elementor-button-text\">Plus d'informations sur l'ABS<\/span>\n\t\t\t\t\t<\/span>\n\t\t\t\t\t<\/a>\n\t\t\t\t\t\t\t\t<\/div>\n\t\t\t\t<\/div>\n\t\t<div class=\"elementor-element elementor-element-3bc4bb0 e-con-full e-flex e-con e-child\" data-id=\"3bc4bb0\" data-element_type=\"container\" data-e-type=\"container\">\n\t\t\t\t<\/div>\n\t\t\t\t<\/div>\n\t\t\t\t<\/div>\n\t\t\t\t<\/div>\n\t\t\t\t<\/div>\n\t\t\t\t<\/div>\n\t\t\t\t<\/div>\n\t\t\t\t<\/div>\n\t\t<div class=\"elementor-element elementor-element-57b4838 e-flex e-con-boxed e-con e-parent\" data-id=\"57b4838\" data-element_type=\"container\" data-e-type=\"container\">\n\t\t\t\t\t<div class=\"e-con-inner\">\n\t\t<div class=\"elementor-element elementor-element-aabd846 e-con-full e-flex e-con e-child\" data-id=\"aabd846\" data-element_type=\"container\" data-e-type=\"container\">\n\t\t\t\t<div class=\"elementor-element elementor-element-632c253 elementor-widget elementor-widget-spacer\" data-id=\"632c253\" data-element_type=\"widget\" data-e-type=\"widget\" data-widget_type=\"spacer.default\">\n\t\t\t\t\t\t\t<div class=\"elementor-spacer\">\n\t\t\t<div class=\"elementor-spacer-inner\"><\/div>\n\t\t<\/div>\n\t\t\t\t\t\t<\/div>\n\t\t\t\t<div class=\"elementor-element elementor-element-28fbd5c elementor-widget elementor-widget-heading\" data-id=\"28fbd5c\" data-element_type=\"widget\" data-e-type=\"widget\" data-widget_type=\"heading.default\">\n\t\t\t\t\t<h2 class=\"elementor-heading-title elementor-size-default\">Envie de tester ou d'acheter Lovens Explorer ?<\/h2>\t\t\t\t<\/div>\n\t\t\t\t<div class=\"elementor-element elementor-element-6da7244 elementor-widget-divider--view-line elementor-widget elementor-widget-divider\" data-id=\"6da7244\" data-element_type=\"widget\" data-e-type=\"widget\" data-widget_type=\"divider.default\">\n\t\t\t\t\t\t\t<div class=\"elementor-divider\">\n\t\t\t<span class=\"elementor-divider-separator\">\n\t\t\t\t\t\t<\/span>\n\t\t<\/div>\n\t\t\t\t\t\t<\/div>\n\t\t<div class=\"elementor-element elementor-element-75f1186 e-con-full e-flex e-con e-child\" data-id=\"75f1186\" data-element_type=\"container\" data-e-type=\"container\">\n\t\t<div class=\"elementor-element elementor-element-ec89efe e-con-full e-flex e-con e-child\" data-id=\"ec89efe\" data-element_type=\"container\" data-e-type=\"container\">\n\t\t\t\t<div class=\"elementor-element elementor-element-4753d1b elementor-widget elementor-widget-text-editor\" data-id=\"4753d1b\" data-element_type=\"widget\" data-e-type=\"widget\" data-widget_type=\"text-editor.default\">\n\t\t\t\t\t\t\t\t\t<p>Le Lovens Explorer est disponible dans des magasins de v\u00e9los sp\u00e9cialement s\u00e9lectionn\u00e9s. Rendez-vous dans l&rsquo;un de nos points de vente pour plus d&rsquo;informations ou pour un essai. <\/p>\t\t\t\t\t\t\t\t<\/div>\n\t\t\t\t<\/div>\n\t\t\t\t<\/div>\n\t\t\t\t<div class=\"elementor-element elementor-element-16b3eda elementor-widget elementor-widget-shortcode\" data-id=\"16b3eda\" data-element_type=\"widget\" data-e-type=\"widget\" data-widget_type=\"shortcode.default\">\n\t\t\t\t\t\t\t<div class=\"elementor-shortcode\"><style>\r\n\t#wpsl-stores .wpsl-store-thumb {height:45px !important; width:45px !important;}\r\n\t#wpsl-stores, #wpsl-direction-details, #wpsl-gmap {height:720px !important;}\r\n\t#wpsl-gmap .wpsl-info-window {max-width:225px !important;}\r\n\t.wpsl-input label, #wpsl-radius label, #wpsl-category label {width:95px;}\r\n\t#wpsl-search-input  {width:179px;}\r\n<\/style>\r\n<div id=\"wpsl-wrap\">\r\n\t<div class=\"wpsl-search wpsl-clearfix \">\r\n\t\t<div id=\"wpsl-search-wrap\">\r\n\t\t\t<form autocomplete=\"off\">\r\n\t\t\t<div class=\"wpsl-input\">\r\n\t\t\t\t<div><label for=\"wpsl-search-input\">Your location<\/label><\/div>\r\n\t\t\t\t<input id=\"wpsl-search-input\" type=\"text\" value=\"\" name=\"wpsl-search-input\" placeholder=\"\" aria-required=\"true\" \/>\r\n\t\t\t<\/div>\r\n\t\t\t<div class=\"wpsl-select-wrap\">\r\n\t\t\t\t<div id=\"wpsl-radius\">\r\n\t\t\t\t\t<label for=\"wpsl-radius-dropdown\">Search radius<\/label>\r\n\t\t\t\t\t<select id=\"wpsl-radius-dropdown\" class=\"wpsl-dropdown\" name=\"wpsl-radius\">\r\n\t\t\t\t\t\t<option value=\"10\">10 km<\/option><option value=\"25\">25 km<\/option><option selected=\"selected\" value=\"50\">50 km<\/option><option value=\"100\">100 km<\/option><option value=\"200\">200 km<\/option><option value=\"500\">500 km<\/option>\r\n\t\t\t\t\t<\/select>\r\n\t\t\t\t<\/div>\r\n\t\t\t\t<div id=\"wpsl-results\">\r\n\t\t\t\t\t<label for=\"wpsl-results-dropdown\">Results<\/label>\r\n\t\t\t\t\t<select id=\"wpsl-results-dropdown\" class=\"wpsl-dropdown\" name=\"wpsl-results\">\r\n\t\t\t\t\t\t<option selected=\"selected\" value=\"25\">25<\/option><option value=\"50\">50<\/option><option value=\"75\">75<\/option><option value=\"100\">100<\/option>\r\n\t\t\t\t\t<\/select>\r\n\t\t\t\t<\/div>\r\n\t\t\t<\/div>\r\n\t\t\t\t<div class=\"wpsl-search-btn-wrap\"><input id=\"wpsl-search-btn\" type=\"submit\" value=\"Search\"><\/div>\r\n\t\t<\/form>\r\n\t\t<\/div>\r\n\t<\/div>\r\n\t<div id=\"wpsl-gmap\" class=\"wpsl-gmap-canvas\"><\/div>\r\n\t<div id=\"wpsl-result-list\">\r\n\t\t<div id=\"wpsl-stores\" >\r\n\t\t\t<ul><\/ul>\r\n\t\t<\/div>\r\n\t\t<div id=\"wpsl-direction-details\">\r\n\t\t\t<ul><\/ul>\r\n\t\t<\/div>\r\n\t<\/div>\r\n<\/div>\r\n<\/div>\n\t\t\t\t\t\t<\/div>\n\t\t\t\t<\/div>\n\t\t\t\t\t<\/div>\n\t\t\t\t<\/div>\n\t\t\t\t<\/div>\n\t\t","protected":false},"excerpt":{"rendered":"<p>Restez au sec cet automne Soyez pr\u00eat pour les journ\u00e9es d\u2019automne pluvieuses avec Lovens ! Achetez maintenant un Lovens Explorer et recevez gratuitement une capote de pluie et des feux de jour LED. Trustpilot Ideaal voor regenachtige, donkere dagen Cette offre promotionnelle est valable jusqu&rsquo;au 31 avril 2026 inclus. Ne manquez pas cette occasion unique [&hellip;]<\/p>\n","protected":false},"author":1,"featured_media":0,"parent":0,"menu_order":0,"comment_status":"closed","ping_status":"closed","template":"","meta":{"_acf_changed":false,"site-sidebar-layout":"default","site-content-layout":"","ast-site-content-layout":"default","site-content-style":"default","site-sidebar-style":"default","ast-global-header-display":"","ast-banner-title-visibility":"","ast-main-header-display":"","ast-hfb-above-header-display":"","ast-hfb-below-header-display":"","ast-hfb-mobile-header-display":"","site-post-title":"disabled","ast-breadcrumbs-content":"","ast-featured-img":"","footer-sml-layout":"","ast-disable-related-posts":"","theme-transparent-header-meta":"","adv-header-id-meta":"","stick-header-meta":"","header-above-stick-meta":"","header-main-stick-meta":"","header-below-stick-meta":"","astra-migrate-meta-layouts":"default","ast-page-background-enabled":"default","ast-page-background-meta":{"desktop":{"background-color":"var(--ast-global-color-4)","background-image":"","background-repeat":"repeat","background-position":"center center","background-size":"auto","background-attachment":"scroll","background-type":"","background-media":"","overlay-type":"","overlay-color":"","overlay-opacity":"","overlay-gradient":""},"tablet":{"background-color":"","background-image":"","background-repeat":"repeat","background-position":"center center","background-size":"auto","background-attachment":"scroll","background-type":"","background-media":"","overlay-type":"","overlay-color":"","overlay-opacity":"","overlay-gradient":""},"mobile":{"background-color":"","background-image":"","background-repeat":"repeat","background-position":"center center","background-size":"auto","background-attachment":"scroll","background-type":"","background-media":"","overlay-type":"","overlay-color":"","overlay-opacity":"","overlay-gradient":""}},"ast-content-background-meta":{"desktop":{"background-color":"var(--ast-global-color-5)","background-image":"","background-repeat":"repeat","background-position":"center center","background-size":"auto","background-attachment":"scroll","background-type":"","background-media":"","overlay-type":"","overlay-color":"","overlay-opacity":"","overlay-gradient":""},"tablet":{"background-color":"var(--ast-global-color-5)","background-image":"","background-repeat":"repeat","background-position":"center center","background-size":"auto","background-attachment":"scroll","background-type":"","background-media":"","overlay-type":"","overlay-color":"","overlay-opacity":"","overlay-gradient":""},"mobile":{"background-color":"var(--ast-global-color-5)","background-image":"","background-repeat":"repeat","background-position":"center center","background-size":"auto","background-attachment":"scroll","background-type":"","background-media":"","overlay-type":"","overlay-color":"","overlay-opacity":"","overlay-gradient":""}},"footnotes":""},"type-fiets":[],"class_list":["post-21312","page","type-page","status-publish","hentry"],"acf":[],"_links":{"self":[{"href":"https:\/\/lovensbikes.com\/fr\/wp-json\/wp\/v2\/pages\/21312","targetHints":{"allow":["GET"]}}],"collection":[{"href":"https:\/\/lovensbikes.com\/fr\/wp-json\/wp\/v2\/pages"}],"about":[{"href":"https:\/\/lovensbikes.com\/fr\/wp-json\/wp\/v2\/types\/page"}],"author":[{"embeddable":true,"href":"https:\/\/lovensbikes.com\/fr\/wp-json\/wp\/v2\/users\/1"}],"replies":[{"embeddable":true,"href":"https:\/\/lovensbikes.com\/fr\/wp-json\/wp\/v2\/comments?post=21312"}],"version-history":[{"count":69,"href":"https:\/\/lovensbikes.com\/fr\/wp-json\/wp\/v2\/pages\/21312\/revisions"}],"predecessor-version":[{"id":39602,"href":"https:\/\/lovensbikes.com\/fr\/wp-json\/wp\/v2\/pages\/21312\/revisions\/39602"}],"wp:attachment":[{"href":"https:\/\/lovensbikes.com\/fr\/wp-json\/wp\/v2\/media?parent=21312"}],"wp:term":[{"taxonomy":"type-fiets","embeddable":true,"href":"https:\/\/lovensbikes.com\/fr\/wp-json\/wp\/v2\/type-fiets?post=21312"}],"curies":[{"name":"wp","href":"https:\/\/api.w.org\/{rel}","templated":true}]}}