{"id":32311,"date":"2025-09-14T08:32:02","date_gmt":"2025-09-14T06:32:02","guid":{"rendered":"https:\/\/lovensbikes.com\/accessoires-2\/"},"modified":"2026-03-27T15:35:43","modified_gmt":"2026-03-27T14:35:43","slug":"accessoires","status":"publish","type":"page","link":"https:\/\/lovensbikes.com\/fr\/accessoires\/","title":{"rendered":"Accessoires"},"content":{"rendered":"\t\t<div data-elementor-type=\"wp-page\" data-elementor-id=\"32311\" class=\"elementor elementor-32311 elementor-30159\" data-elementor-post-type=\"page\">\n\t\t\t\t<div class=\"elementor-element elementor-element-bdf8eb8 e-flex e-con-boxed e-con e-parent\" data-id=\"bdf8eb8\" data-element_type=\"container\" data-e-type=\"container\" data-settings=\"{&quot;background_background&quot;:&quot;classic&quot;,&quot;background_motion_fx_motion_fx_scrolling&quot;:&quot;yes&quot;,&quot;background_motion_fx_translateY_effect&quot;:&quot;yes&quot;,&quot;background_motion_fx_translateY_speed&quot;:{&quot;unit&quot;:&quot;px&quot;,&quot;size&quot;:&quot;2&quot;,&quot;sizes&quot;:[]},&quot;background_motion_fx_devices&quot;:[&quot;desktop&quot;,&quot;tablet&quot;],&quot;background_motion_fx_translateY_affectedRange&quot;:{&quot;unit&quot;:&quot;%&quot;,&quot;size&quot;:&quot;&quot;,&quot;sizes&quot;:{&quot;start&quot;:0,&quot;end&quot;:100}}}\">\n\t\t\t\t\t<div class=\"e-con-inner\">\n\t\t<div class=\"elementor-element elementor-element-fd9c0b2 e-con-full e-flex e-con e-child\" data-id=\"fd9c0b2\" data-element_type=\"container\" data-e-type=\"container\">\n\t\t\t\t<div class=\"elementor-element elementor-element-1d7e5ab elementor-widget__width-initial elementor-widget elementor-widget-heading\" data-id=\"1d7e5ab\" data-element_type=\"widget\" data-e-type=\"widget\" data-widget_type=\"heading.default\">\n\t\t\t\t\t<h1 class=\"elementor-heading-title elementor-size-default\">Am\u00e9liorez votre Lovens Explorer<\/h1>\t\t\t\t<\/div>\n\t\t\t\t<\/div>\n\t\t\t\t\t<\/div>\n\t\t\t\t<\/div>\n\t\t<div class=\"elementor-element elementor-element-4141774 e-flex e-con-boxed e-con e-parent\" data-id=\"4141774\" data-element_type=\"container\" data-e-type=\"container\" data-settings=\"{&quot;background_background&quot;:&quot;classic&quot;}\">\n\t\t\t\t\t<div class=\"e-con-inner\">\n\t\t\t\t<div class=\"elementor-element elementor-element-dd80f4f elementor-widget elementor-widget-heading\" data-id=\"dd80f4f\" data-element_type=\"widget\" data-e-type=\"widget\" data-widget_type=\"heading.default\">\n\t\t\t\t\t<h2 class=\"elementor-heading-title elementor-size-default\">S\u00e9lectionnez votre mod\u00e8le Explorer:<\/h2>\t\t\t\t<\/div>\n\t\t<div class=\"elementor-element elementor-element-f919ab1 e-con-full e-flex e-con e-child\" data-id=\"f919ab1\" data-element_type=\"container\" data-e-type=\"container\">\n\t\t\t\t<div class=\"elementor-element elementor-element-e30db5e elementor-hidden-desktop elementor-hidden-tablet_extra elementor-hidden-tablet elementor-hidden-mobile elementor-widget elementor-widget-html\" data-id=\"e30db5e\" data-element_type=\"widget\" data-e-type=\"widget\" data-widget_type=\"html.default\">\n\t\t\t\t\t<style>\/* ================== INSTELLINGEN ================== *\/\r\n.enhanced-tabs-01{\r\n  --gap:32px;\r\n  --radius:12px;             \/* vaste hoeken, ook bij hover\/active *\/\r\n  --card:600px;              \/* vierkante kaartgrootte *\/\r\n  --label-size:28px;\r\n  --label-weight:800;\r\n  --label-color:#000;\r\n  --label-color-active:#fff;\r\n\r\n  --bg:#F3F4F5;              \/* inactief *\/\r\n  --bg-active:#86C58F;       \/* actief *\/\r\n  --bd:#E0E0E0;\r\n  --bd-active:#86C58F;\r\n  --shadow:0 6px 22px rgba(0,0,0,.06);\r\n  --shadow-active:0 10px 28px rgba(0,0,0,.10);\r\n}\r\n\r\n\/* ================== GRID ================== *\/\r\n.enhanced-tabs-01 .e-n-tabs-heading{\r\n  display:grid;\r\n  grid-template-columns:repeat(2,minmax(340px,1fr));\r\n  gap:var(--gap);\r\n  justify-content:center;\r\n  margin-bottom:32px;\r\n}\r\n\r\n\/* ================== CARD ================== *\/\r\n.enhanced-tabs-01 .e-n-tab-title{\r\n  position:relative;\r\n  display:flex;\r\n  flex-direction:column;\r\n  justify-content:flex-end;      \/* label onderin *\/\r\n  align-items:center;\r\n  width:var(--card);\r\n  height:var(--card);\r\n  background:var(--bg);\r\n  border:1px solid var(--bd);\r\n  border-radius:var(--radius) !important;\r\n  box-shadow:var(--shadow);\r\n  overflow:hidden;\r\n  cursor:pointer;\r\n  transition:transform .15s, box-shadow .15s, background-color .15s, border-color .15s;\r\n}\r\n.enhanced-tabs-01 .e-n-tab-title:hover,\r\n.enhanced-tabs-01 .e-n-tab-title:focus{\r\n  transform:translateY(-4px);\r\n  box-shadow:var(--shadow-active);\r\n  outline:0;\r\n}\r\n.enhanced-tabs-01 .e-n-tab-title[aria-selected=\"true\"]{\r\n  background:var(--bg-active);\r\n  border-color:var(--bd-active);\r\n  box-shadow:var(--shadow-active);\r\n}\r\n\r\n\/* === Anti-\u2018ronde\u2019 overrides (thema-effecten uitschakelen) === *\/\r\n.enhanced-tabs-01 .e-n-tab-title,\r\n.enhanced-tabs-01 .e-n-tab-title:hover,\r\n.enhanced-tabs-01 .e-n-tab-title:focus,\r\n.enhanced-tabs-01 .e-n-tab-title[aria-selected=\"true\"],\r\n.enhanced-tabs-01 .e-n-tab-title::before,\r\n.enhanced-tabs-01 .e-n-tab-title::after{\r\n  border-radius:var(--radius) !important;\r\n  -webkit-mask-image:none !important;\r\n  mask-image:none !important;\r\n  clip-path:none !important;\r\n}\r\n\r\n\/* ================== BEELD (achtergrond) ================== *\/\r\n.enhanced-tabs-01 .e-n-tab-title::before{\r\n  content:\"\";\r\n  position:absolute; inset:0;\r\n  background-repeat:no-repeat;\r\n  background-position:center;\r\n  background-size:contain;        \/* basis: nooit croppen *\/\r\n  z-index:0;\r\n}\r\n\r\n.enhanced-tabs-01 .e-n-tabs-heading > .e-n-tab-title:nth-of-type(1)::before{\r\n  \/* Explorer 2 (links) *\/\r\n  background-image:url(\"https:\/\/lovensbikes.com\/wp-content\/uploads\/2025\/10\/Explorer-2-select-button.png\");\r\n  background-size:95% auto;       \/* \u2b05\ufe0f was te groot; nu realistischer *\/\r\n  background-position:52% 50%;\r\n}\r\n.enhanced-tabs-01 .e-n-tabs-heading > .e-n-tab-title:nth-of-type(2)::before{\r\n  \/* Explorer 1 (rechts) *\/\r\n  background-image:url(\"https:\/\/lovensbikes.com\/wp-content\/uploads\/2025\/11\/Explorer-1-select-button-v2-1.png\");\r\n  background-size:100% auto;      \/* iets groter dan links vanwege meer witruimte *\/\r\n  background-position:50% 52%;\r\n}\r\n\r\n.enhanced-tabs-01 .e-n-tab-title .e-n-tab-title-text{\r\n  position:relative;\r\n  z-index:1;\r\n  margin-bottom:24px;\r\n  font-size:var(--label-size);\r\n  font-weight:var(--label-weight);\r\n  line-height:1.1;\r\n  color:var(--label-color);\r\n  text-align:center;\r\n}\r\n.enhanced-tabs-01 .e-n-tab-title[aria-selected=\"true\"] .e-n-tab-title-text{\r\n  color:var(--label-color-active);\r\n}\r\n\r\n@media (max-width:1024px){\r\n  .enhanced-tabs-01{ --card:420px; --label-size:26px; }\r\n}\r\n@media (max-width:768px){\r\n  .enhanced-tabs-01 .e-n-tabs-heading{ grid-template-columns:1fr; }\r\n  .enhanced-tabs-01{ --card:380px; --label-size:24px; }\r\n}\r\n\r\n.enhanced-tabs-01 .e-n-tabs-content > div{\r\n  display:none;\r\n}\r\n\r\n.enhanced-tabs-01 .e-n-tab-title[aria-selected=\"true\"]{\r\n  background: var(--bg) !important;\r\n  border-color: var(--bd) !important;\r\n  box-shadow: var(--shadow) !important;\r\n}\r\n\r\n.enhanced-tabs-01 .e-n-tab-title[aria-selected=\"true\"] .e-n-tab-title-text{\r\n  color: var(--label-color) !important;\r\n}\r\n\r\n.enhanced-tabs-01 .e-n-tab-title.is-open{\r\n  background: var(--bg-active) !important;\r\n  border-color: var(--bd-active) !important;\r\n  box-shadow: var(--shadow-active) !important;\r\n}\r\n\r\n.enhanced-tabs-01 .e-n-tab-title.is-open .e-n-tab-title-text{\r\n  color: var(--label-color-active) !important;\r\n}\r\n\r\n.enhanced-tabs-01 .e-n-tab-title:hover{\r\n  background: var(--bg-active) !important;\r\n  border-color: var(--bd-active) !important;\r\n  box-shadow: var(--shadow-active) !important;\r\n}\r\n\r\n.enhanced-tabs-01 .e-n-tab-title:hover .e-n-tab-title-text{\r\n  color: var(--label-color-active) !important;\r\n}\r\n<\/style>\t\t\t\t<\/div>\n\t\t\t\t<div class=\"elementor-element elementor-element-de18928 elementor-hidden-desktop elementor-hidden-tablet_extra elementor-hidden-tablet elementor-hidden-mobile elementor-widget elementor-widget-html\" data-id=\"de18928\" data-element_type=\"widget\" data-e-type=\"widget\" data-widget_type=\"html.default\">\n\t\t\t\t\t<script>document.addEventListener(\"DOMContentLoaded\", function() {\r\n  const tabWrappers = document.querySelectorAll('.enhanced-tabs-01');\r\n\r\n  tabWrappers.forEach(wrapper => {\r\n    const tabTitles = wrapper.querySelectorAll('.e-n-tab-title');\r\n    const tabContents = wrapper.querySelectorAll('.e-n-tabs-content > div');\r\n\r\n    if (!tabTitles.length || !tabContents.length) return;\r\n\r\n    \/\/ Initieel alles sluiten\r\n    tabTitles.forEach(title => {\r\n      title.setAttribute('aria-selected', 'false');\r\n      title.classList.remove('e-active', 'is-open');\r\n    });\r\n\r\n    tabContents.forEach(content => {\r\n      content.style.display = 'none';\r\n    });\r\n\r\n    \/\/ Klikgedrag\r\n    tabTitles.forEach((title, index) => {\r\n      title.addEventListener('click', function() {\r\n        const isAlreadyOpen = title.classList.contains('is-open');\r\n\r\n        \/\/ Eerst alles resetten\r\n        tabTitles.forEach(t => {\r\n          t.setAttribute('aria-selected', 'false');\r\n          t.classList.remove('e-active', 'is-open');\r\n        });\r\n\r\n        tabContents.forEach(c => {\r\n          c.style.display = 'none';\r\n        });\r\n\r\n        \/\/ Alleen openen als deze nog niet open stond\r\n        if (!isAlreadyOpen && tabContents[index]) {\r\n          title.setAttribute('aria-selected', 'true');\r\n          title.classList.add('e-active', 'is-open');\r\n          tabContents[index].style.display = 'block';\r\n        }\r\n      });\r\n    });\r\n  });\r\n});\r\n<\/script>\t\t\t\t<\/div>\n\t\t\t\t<div class=\"elementor-element elementor-element-f6e834f enhanced-tabs-01 e-n-tabs-mobile elementor-widget elementor-widget-n-tabs\" data-id=\"f6e834f\" data-element_type=\"widget\" data-e-type=\"widget\" data-settings=\"{&quot;tabs_justify_horizontal&quot;:&quot;start&quot;,&quot;horizontal_scroll&quot;:&quot;disable&quot;}\" data-widget_type=\"nested-tabs.default\">\n\t\t\t\t\t\t\t<div class=\"e-n-tabs\" data-widget-number=\"258900815\" aria-label=\"Onglets. Ouvrez des \u00e9l\u00e9ments avec Entrer ou Espace, fermez-les avec Echape et naviguez \u00e0 l&#039;aide des touches fl\u00e9ch\u00e9es.\">\n\t\t\t<div class=\"e-n-tabs-heading\" role=\"tablist\">\n\t\t\t\t\t<button id=\"enhanced-tabs-01\" data-tab-title-id=\"e-n-tab-title-2589008151\" class=\"e-n-tab-title\" aria-selected=\"true\" data-tab-index=\"1\" role=\"tab\" tabindex=\"0\" aria-controls=\"e-n-tab-content-2589008151\" style=\"--n-tabs-title-order: 1;\">\n\t\t\t\t\t\t<span class=\"e-n-tab-title-text\">\n\t\t\t\tExplorer 2\t\t\t<\/span>\n\t\t<\/button>\n\t\t\t\t<button id=\"enhanced-tabs-01\" data-tab-title-id=\"e-n-tab-title-2589008152\" class=\"e-n-tab-title\" aria-selected=\"false\" data-tab-index=\"2\" role=\"tab\" tabindex=\"-1\" aria-controls=\"e-n-tab-content-2589008152\" style=\"--n-tabs-title-order: 2;\">\n\t\t\t\t\t\t<span class=\"e-n-tab-title-text\">\n\t\t\t\tExplorer 1\t\t\t<\/span>\n\t\t<\/button>\n\t\t\t\t\t<\/div>\n\t\t\t<div class=\"e-n-tabs-content\">\n\t\t\t\t<div id=\"e-n-tab-content-2589008151\" role=\"tabpanel\" aria-labelledby=\"enhanced-tabs-01\" data-tab-index=\"1\" style=\"--n-tabs-title-order: 1;\" class=\"e-active elementor-element elementor-element-e685dff e-con-full e-flex e-con e-child\" data-id=\"e685dff\" data-element_type=\"container\" data-e-type=\"container\">\n\t\t\t\t<div class=\"elementor-element elementor-element-b9cf83f elementor-widget elementor-widget-heading\" data-id=\"b9cf83f\" data-element_type=\"widget\" data-e-type=\"widget\" data-widget_type=\"heading.default\">\n\t\t\t\t\t<h2 class=\"elementor-heading-title elementor-size-default\">Accessoires pour le Lovens Explorer 2<\/h2>\t\t\t\t<\/div>\n\t\t\t\t<div class=\"woocommerce elementor-element elementor-element-c1c8f57 elementor-grid-4 elementor-grid-tablet-2 elementor-grid-mobile-1 elementor-widget elementor-widget-loop-grid\" data-id=\"c1c8f57\" data-element_type=\"widget\" data-e-type=\"widget\" data-settings=\"{&quot;_skin&quot;:&quot;product&quot;,&quot;template_id&quot;:13048,&quot;columns&quot;:4,&quot;columns_tablet&quot;:&quot;2&quot;,&quot;columns_mobile&quot;:&quot;1&quot;,&quot;edit_handle_selector&quot;:&quot;[data-elementor-type=\\&quot;loop-item\\&quot;]&quot;,&quot;row_gap&quot;:{&quot;unit&quot;:&quot;px&quot;,&quot;size&quot;:&quot;&quot;,&quot;sizes&quot;:[]},&quot;row_gap_tablet_extra&quot;:{&quot;unit&quot;:&quot;px&quot;,&quot;size&quot;:&quot;&quot;,&quot;sizes&quot;:[]},&quot;row_gap_tablet&quot;:{&quot;unit&quot;:&quot;px&quot;,&quot;size&quot;:&quot;&quot;,&quot;sizes&quot;:[]},&quot;row_gap_mobile&quot;:{&quot;unit&quot;:&quot;px&quot;,&quot;size&quot;:&quot;&quot;,&quot;sizes&quot;:[]}}\" data-widget_type=\"loop-grid.product\">\n\t\t\t\t<div class=\"elementor-widget-container\">\n\t\t\t\t\t<div class=\"elementor-loop-container\">\n\t\t\t\t\t<div class=\"jet-smart-filters-elementor-loop-no-result\">Sorry, nothing to see here...<\/div>\n\t\t\t\t<\/div>\t\t<div class=\"e-loop-nothing-found-message\">\n\t\t<\/div>\n\t\t\t\t\t\t<\/div>\n\t\t\t\t<\/div>\n\t\t\t\t<\/div>\n\t\t<div id=\"e-n-tab-content-2589008152\" role=\"tabpanel\" aria-labelledby=\"enhanced-tabs-01\" data-tab-index=\"2\" style=\"--n-tabs-title-order: 2;\" class=\" elementor-element elementor-element-ef2f0bf e-con-full e-flex e-con e-child\" data-id=\"ef2f0bf\" data-element_type=\"container\" data-e-type=\"container\">\n\t\t\t\t<div class=\"elementor-element elementor-element-a969994 elementor-widget elementor-widget-heading\" data-id=\"a969994\" data-element_type=\"widget\" data-e-type=\"widget\" data-widget_type=\"heading.default\">\n\t\t\t\t\t<h2 class=\"elementor-heading-title elementor-size-default\">Accessoires pour le Lovens Explorer 1<\/h2>\t\t\t\t<\/div>\n\t\t\t\t<div class=\"woocommerce elementor-element elementor-element-6b0c390 elementor-grid-4 elementor-grid-tablet-2 elementor-grid-mobile-1 elementor-widget elementor-widget-loop-grid\" data-id=\"6b0c390\" data-element_type=\"widget\" data-e-type=\"widget\" data-settings=\"{&quot;_skin&quot;:&quot;product&quot;,&quot;template_id&quot;:13048,&quot;columns&quot;:4,&quot;columns_tablet&quot;:&quot;2&quot;,&quot;columns_mobile&quot;:&quot;1&quot;,&quot;edit_handle_selector&quot;:&quot;[data-elementor-type=\\&quot;loop-item\\&quot;]&quot;,&quot;row_gap&quot;:{&quot;unit&quot;:&quot;px&quot;,&quot;size&quot;:&quot;&quot;,&quot;sizes&quot;:[]},&quot;row_gap_tablet_extra&quot;:{&quot;unit&quot;:&quot;px&quot;,&quot;size&quot;:&quot;&quot;,&quot;sizes&quot;:[]},&quot;row_gap_tablet&quot;:{&quot;unit&quot;:&quot;px&quot;,&quot;size&quot;:&quot;&quot;,&quot;sizes&quot;:[]},&quot;row_gap_mobile&quot;:{&quot;unit&quot;:&quot;px&quot;,&quot;size&quot;:&quot;&quot;,&quot;sizes&quot;:[]}}\" data-widget_type=\"loop-grid.product\">\n\t\t\t\t<div class=\"elementor-widget-container\">\n\t\t\t\t\t\t\t<div class=\"e-loop-nothing-found-message\">\n\t\t<\/div>\n\t\t\t\t\t\t<\/div>\n\t\t\t\t<\/div>\n\t\t\t\t<\/div>\n\t\t\t\t\t<\/div>\n\t\t<\/div>\n\t\t\t\t\t\t<\/div>\n\t\t\t\t<\/div>\n\t\t\t\t\t<\/div>\n\t\t\t\t<\/div>\n\t\t\t\t<\/div>\n\t\t","protected":false},"excerpt":{"rendered":"<p>Am\u00e9liorez votre Lovens Explorer S\u00e9lectionnez votre mod\u00e8le Explorer: Explorer 2 Explorer 1 Accessoires pour le Lovens Explorer 2 &euro;359.95 Prot\u00e9gez votre pr\u00e9cieuse cargaison du vent et de la pluie. &euro;119.95 Prot\u00e9gez votre pr\u00e9cieux chargement avec la housse Lovens Box Cover. &euro;149.95 Fixez votre si\u00e8ge b\u00e9b\u00e9 en toute s\u00e9curit\u00e9 dans votre Lovens. &euro;129.95 S\u00e9curit\u00e9 et confort [&hellip;]<\/p>\n","protected":false},"author":9,"featured_media":0,"parent":0,"menu_order":0,"comment_status":"closed","ping_status":"closed","template":"elementor_header_footer","meta":{"_acf_changed":false,"site-sidebar-layout":"no-sidebar","site-content-layout":"page-builder","ast-site-content-layout":"full-width-container","site-content-style":"default","site-sidebar-style":"default","ast-global-header-display":"","ast-banner-title-visibility":"","ast-main-header-display":"","ast-hfb-above-header-display":"","ast-hfb-below-header-display":"","ast-hfb-mobile-header-display":"","site-post-title":"disabled","ast-breadcrumbs-content":"","ast-featured-img":"disabled","footer-sml-layout":"","ast-disable-related-posts":"","theme-transparent-header-meta":"","adv-header-id-meta":"","stick-header-meta":"","header-above-stick-meta":"","header-main-stick-meta":"","header-below-stick-meta":"","astra-migrate-meta-layouts":"default","ast-page-background-enabled":"default","ast-page-background-meta":{"desktop":{"background-color":"var(--ast-global-color-4)","background-image":"","background-repeat":"repeat","background-position":"center center","background-size":"auto","background-attachment":"scroll","background-type":"","background-media":"","overlay-type":"","overlay-color":"","overlay-opacity":"","overlay-gradient":""},"tablet":{"background-color":"","background-image":"","background-repeat":"repeat","background-position":"center center","background-size":"auto","background-attachment":"scroll","background-type":"","background-media":"","overlay-type":"","overlay-color":"","overlay-opacity":"","overlay-gradient":""},"mobile":{"background-color":"","background-image":"","background-repeat":"repeat","background-position":"center center","background-size":"auto","background-attachment":"scroll","background-type":"","background-media":"","overlay-type":"","overlay-color":"","overlay-opacity":"","overlay-gradient":""}},"ast-content-background-meta":{"desktop":{"background-color":"var(--ast-global-color-5)","background-image":"","background-repeat":"repeat","background-position":"center center","background-size":"auto","background-attachment":"scroll","background-type":"","background-media":"","overlay-type":"","overlay-color":"","overlay-opacity":"","overlay-gradient":""},"tablet":{"background-color":"var(--ast-global-color-5)","background-image":"","background-repeat":"repeat","background-position":"center center","background-size":"auto","background-attachment":"scroll","background-type":"","background-media":"","overlay-type":"","overlay-color":"","overlay-opacity":"","overlay-gradient":""},"mobile":{"background-color":"var(--ast-global-color-5)","background-image":"","background-repeat":"repeat","background-position":"center center","background-size":"auto","background-attachment":"scroll","background-type":"","background-media":"","overlay-type":"","overlay-color":"","overlay-opacity":"","overlay-gradient":""}},"footnotes":""},"type-fiets":[],"class_list":["post-32311","page","type-page","status-publish","hentry"],"acf":[],"_links":{"self":[{"href":"https:\/\/lovensbikes.com\/fr\/wp-json\/wp\/v2\/pages\/32311","targetHints":{"allow":["GET"]}}],"collection":[{"href":"https:\/\/lovensbikes.com\/fr\/wp-json\/wp\/v2\/pages"}],"about":[{"href":"https:\/\/lovensbikes.com\/fr\/wp-json\/wp\/v2\/types\/page"}],"author":[{"embeddable":true,"href":"https:\/\/lovensbikes.com\/fr\/wp-json\/wp\/v2\/users\/9"}],"replies":[{"embeddable":true,"href":"https:\/\/lovensbikes.com\/fr\/wp-json\/wp\/v2\/comments?post=32311"}],"version-history":[{"count":15,"href":"https:\/\/lovensbikes.com\/fr\/wp-json\/wp\/v2\/pages\/32311\/revisions"}],"predecessor-version":[{"id":39438,"href":"https:\/\/lovensbikes.com\/fr\/wp-json\/wp\/v2\/pages\/32311\/revisions\/39438"}],"wp:attachment":[{"href":"https:\/\/lovensbikes.com\/fr\/wp-json\/wp\/v2\/media?parent=32311"}],"wp:term":[{"taxonomy":"type-fiets","embeddable":true,"href":"https:\/\/lovensbikes.com\/fr\/wp-json\/wp\/v2\/type-fiets?post=32311"}],"curies":[{"name":"wp","href":"https:\/\/api.w.org\/{rel}","templated":true}]}}