{"id":32625,"date":"2025-10-07T13:03:44","date_gmt":"2025-10-07T11:03:44","guid":{"rendered":"https:\/\/lovensbikes.com\/?post_type=product&#038;p=32625"},"modified":"2026-03-12T16:04:33","modified_gmt":"2026-03-12T15:04:33","slug":"boitier-lovens-explorer-2","status":"publish","type":"product","link":"https:\/\/lovensbikes.com\/fr\/produit\/boitier-lovens-explorer-2\/","title":{"rendered":"Bo\u00eetier Lovens Explorer 2"},"content":{"rendered":"","protected":false},"excerpt":{"rendered":"<p>Prot\u00e9gez votre pr\u00e9cieux chargement avec la housse Lovens Box Cover.<\/p>\n","protected":false},"featured_media":30589,"comment_status":"closed","ping_status":"closed","template":"","meta":{"_acf_changed":false,"site-sidebar-layout":"default","site-content-layout":"default","ast-site-content-layout":"default","site-content-style":"default","site-sidebar-style":"default","ast-global-header-display":"","ast-banner-title-visibility":"","ast-main-header-display":"","ast-hfb-above-header-display":"","ast-hfb-below-header-display":"","ast-hfb-mobile-header-display":"","site-post-title":"","ast-breadcrumbs-content":"","ast-featured-img":"","footer-sml-layout":"","ast-disable-related-posts":"","theme-transparent-header-meta":"default","adv-header-id-meta":"","stick-header-meta":"","header-above-stick-meta":"","header-main-stick-meta":"","header-below-stick-meta":"","astra-migrate-meta-layouts":"set","ast-page-background-enabled":"default","ast-page-background-meta":{"desktop":{"background-color":"var(--ast-global-color-4)","background-image":"","background-repeat":"repeat","background-position":"center center","background-size":"auto","background-attachment":"scroll","background-type":"","background-media":"","overlay-type":"","overlay-color":"","overlay-opacity":"","overlay-gradient":""},"tablet":{"background-color":"","background-image":"","background-repeat":"repeat","background-position":"center center","background-size":"auto","background-attachment":"scroll","background-type":"","background-media":"","overlay-type":"","overlay-color":"","overlay-opacity":"","overlay-gradient":""},"mobile":{"background-color":"","background-image":"","background-repeat":"repeat","background-position":"center center","background-size":"auto","background-attachment":"scroll","background-type":"","background-media":"","overlay-type":"","overlay-color":"","overlay-opacity":"","overlay-gradient":""}},"ast-content-background-meta":{"desktop":{"background-color":"var(--ast-global-color-5)","background-image":"","background-repeat":"repeat","background-position":"center center","background-size":"auto","background-attachment":"scroll","background-type":"","background-media":"","overlay-type":"","overlay-color":"","overlay-opacity":"","overlay-gradient":""},"tablet":{"background-color":"var(--ast-global-color-5)","background-image":"","background-repeat":"repeat","background-position":"center center","background-size":"auto","background-attachment":"scroll","background-type":"","background-media":"","overlay-type":"","overlay-color":"","overlay-opacity":"","overlay-gradient":""},"mobile":{"background-color":"var(--ast-global-color-5)","background-image":"","background-repeat":"repeat","background-position":"center center","background-size":"auto","background-attachment":"scroll","background-type":"","background-media":"","overlay-type":"","overlay-color":"","overlay-opacity":"","overlay-gradient":""}}},"product_brand":[],"product_cat":[252],"product_tag":[],"accessoire-categorieen":[],"class_list":{"0":"post-32625","1":"product","2":"type-product","3":"status-publish","4":"has-post-thumbnail","6":"product_cat-accessories-2-fr","7":"desktop-align-left","8":"tablet-align-left","9":"mobile-align-left","11":"first","12":"instock","13":"taxable","14":"shipping-taxable","15":"purchasable","16":"product-type-simple"},"exclude_global_add_ons":[],"addons":[],"acf":[],"_links":{"self":[{"href":"https:\/\/lovensbikes.com\/fr\/wp-json\/wp\/v2\/product\/32625","targetHints":{"allow":["GET"]}}],"collection":[{"href":"https:\/\/lovensbikes.com\/fr\/wp-json\/wp\/v2\/product"}],"about":[{"href":"https:\/\/lovensbikes.com\/fr\/wp-json\/wp\/v2\/types\/product"}],"replies":[{"embeddable":true,"href":"https:\/\/lovensbikes.com\/fr\/wp-json\/wp\/v2\/comments?post=32625"}],"wp:featuredmedia":[{"embeddable":true,"href":"https:\/\/lovensbikes.com\/fr\/wp-json\/wp\/v2\/media\/30589"}],"wp:attachment":[{"href":"https:\/\/lovensbikes.com\/fr\/wp-json\/wp\/v2\/media?parent=32625"}],"wp:term":[{"taxonomy":"product_brand","embeddable":true,"href":"https:\/\/lovensbikes.com\/fr\/wp-json\/wp\/v2\/product_brand?post=32625"},{"taxonomy":"product_cat","embeddable":true,"href":"https:\/\/lovensbikes.com\/fr\/wp-json\/wp\/v2\/product_cat?post=32625"},{"taxonomy":"product_tag","embeddable":true,"href":"https:\/\/lovensbikes.com\/fr\/wp-json\/wp\/v2\/product_tag?post=32625"},{"taxonomy":"accessoire-categorieen","embeddable":true,"href":"https:\/\/lovensbikes.com\/fr\/wp-json\/wp\/v2\/accessoire-categorieen?post=32625"}],"curies":[{"name":"wp","href":"https:\/\/api.w.org\/{rel}","templated":true}]}}